{"id":4225,"date":"2025-08-20T16:19:33","date_gmt":"2025-08-20T19:19:33","guid":{"rendered":"https:\/\/espacovcmais.com\/index.php\/product\/prep-higienizador-120ml\/"},"modified":"2025-08-28T23:07:17","modified_gmt":"2025-08-29T02:07:17","slug":"prep-higienizador-120ml","status":"publish","type":"product","link":"https:\/\/espacovcmais.com\/index.php\/product\/prep-higienizador-120ml\/","title":{"rendered":"Prep Higienizador 120ml"},"content":{"rendered":"<p>Higienizador para m\u00e3os e unhas. Remove oleosidade e respeita o pH natural. Prep Higienizador com fragr\u00e2ncia suave. respeita o pH natural e n\u00e3o resseca a pele.<\/p>\n","protected":false},"excerpt":{"rendered":"<p>Higienizador para m\u00e3os e unhas. Remove oleosidade e respeita o pH natural. Prep Higienizador com fragr\u00e2ncia suave. respeita o pH natural e n\u00e3o resseca a pele.<\/p>\n","protected":false},"featured_media":4247,"comment_status":"open","ping_status":"closed","template":"","meta":[],"product_brand":[],"product_cat":[331],"product_tag":[235,174,172],"class_list":{"0":"post-4225","1":"product","2":"type-product","3":"status-publish","4":"has-post-thumbnail","6":"product_cat-uze-nails","7":"product_tag-higienizador","8":"product_tag-limpeza","9":"product_tag-prep","11":"first","12":"instock","13":"taxable","14":"shipping-taxable","15":"purchasable","16":"product-type-simple"},"_links":{"self":[{"href":"https:\/\/espacovcmais.com\/index.php\/wp-json\/wp\/v2\/product\/4225","targetHints":{"allow":["GET"]}}],"collection":[{"href":"https:\/\/espacovcmais.com\/index.php\/wp-json\/wp\/v2\/product"}],"about":[{"href":"https:\/\/espacovcmais.com\/index.php\/wp-json\/wp\/v2\/types\/product"}],"replies":[{"embeddable":true,"href":"https:\/\/espacovcmais.com\/index.php\/wp-json\/wp\/v2\/comments?post=4225"}],"version-history":[{"count":1,"href":"https:\/\/espacovcmais.com\/index.php\/wp-json\/wp\/v2\/product\/4225\/revisions"}],"predecessor-version":[{"id":4266,"href":"https:\/\/espacovcmais.com\/index.php\/wp-json\/wp\/v2\/product\/4225\/revisions\/4266"}],"wp:featuredmedia":[{"embeddable":true,"href":"https:\/\/espacovcmais.com\/index.php\/wp-json\/wp\/v2\/media\/4247"}],"wp:attachment":[{"href":"https:\/\/espacovcmais.com\/index.php\/wp-json\/wp\/v2\/media?parent=4225"}],"wp:term":[{"taxonomy":"product_brand","embeddable":true,"href":"https:\/\/espacovcmais.com\/index.php\/wp-json\/wp\/v2\/product_brand?post=4225"},{"taxonomy":"product_cat","embeddable":true,"href":"https:\/\/espacovcmais.com\/index.php\/wp-json\/wp\/v2\/product_cat?post=4225"},{"taxonomy":"product_tag","embeddable":true,"href":"https:\/\/espacovcmais.com\/index.php\/wp-json\/wp\/v2\/product_tag?post=4225"}],"curies":[{"name":"wp","href":"https:\/\/api.w.org\/{rel}","templated":true}]}}