{"id":4220,"date":"2025-08-20T16:19:32","date_gmt":"2025-08-20T19:19:32","guid":{"rendered":"https:\/\/espacovcmais.com\/index.php\/product\/capa-base-clear-12ml\/"},"modified":"2025-08-29T06:53:39","modified_gmt":"2025-08-29T09:53:39","slug":"capa-base-clear-12ml","status":"publish","type":"product","link":"https:\/\/espacovcmais.com\/index.php\/product\/capa-base-clear-12ml\/","title":{"rendered":"Capa Base Clear 12ml"},"content":{"rendered":"<p>Gel base autonivelante com alta ader\u00eancia e resist\u00eancia. Textura leve e f\u00e1cil aplica\u00e7\u00e3o.<\/p>\n","protected":false},"excerpt":{"rendered":"<p>Capa Base Clear para blindagem.<\/p>\n","protected":false},"featured_media":4252,"comment_status":"open","ping_status":"closed","template":"","meta":[],"product_brand":[],"product_cat":[331],"product_tag":[137,149],"class_list":{"0":"post-4220","1":"product","2":"type-product","3":"status-publish","4":"has-post-thumbnail","6":"product_cat-uze-nails","7":"product_tag-clear","8":"product_tag-gel-base","10":"first","11":"instock","12":"taxable","13":"shipping-taxable","14":"purchasable","15":"product-type-simple"},"_links":{"self":[{"href":"https:\/\/espacovcmais.com\/index.php\/wp-json\/wp\/v2\/product\/4220","targetHints":{"allow":["GET"]}}],"collection":[{"href":"https:\/\/espacovcmais.com\/index.php\/wp-json\/wp\/v2\/product"}],"about":[{"href":"https:\/\/espacovcmais.com\/index.php\/wp-json\/wp\/v2\/types\/product"}],"replies":[{"embeddable":true,"href":"https:\/\/espacovcmais.com\/index.php\/wp-json\/wp\/v2\/comments?post=4220"}],"version-history":[{"count":1,"href":"https:\/\/espacovcmais.com\/index.php\/wp-json\/wp\/v2\/product\/4220\/revisions"}],"predecessor-version":[{"id":4271,"href":"https:\/\/espacovcmais.com\/index.php\/wp-json\/wp\/v2\/product\/4220\/revisions\/4271"}],"wp:featuredmedia":[{"embeddable":true,"href":"https:\/\/espacovcmais.com\/index.php\/wp-json\/wp\/v2\/media\/4252"}],"wp:attachment":[{"href":"https:\/\/espacovcmais.com\/index.php\/wp-json\/wp\/v2\/media?parent=4220"}],"wp:term":[{"taxonomy":"product_brand","embeddable":true,"href":"https:\/\/espacovcmais.com\/index.php\/wp-json\/wp\/v2\/product_brand?post=4220"},{"taxonomy":"product_cat","embeddable":true,"href":"https:\/\/espacovcmais.com\/index.php\/wp-json\/wp\/v2\/product_cat?post=4220"},{"taxonomy":"product_tag","embeddable":true,"href":"https:\/\/espacovcmais.com\/index.php\/wp-json\/wp\/v2\/product_tag?post=4220"}],"curies":[{"name":"wp","href":"https:\/\/api.w.org\/{rel}","templated":true}]}}