{"id":4218,"date":"2025-08-20T16:19:32","date_gmt":"2025-08-20T19:19:32","guid":{"rendered":"https:\/\/espacovcmais.com\/index.php\/product\/adesivador-12ml\/"},"modified":"2025-08-29T06:54:13","modified_gmt":"2025-08-29T09:54:13","slug":"adesivador-12ml","status":"publish","type":"product","link":"https:\/\/espacovcmais.com\/index.php\/product\/adesivador-12ml\/","title":{"rendered":"Adesivador 12ml"},"content":{"rendered":"<p>Estabiliza o pH da l\u00e2mina ungueal e promove forte ades\u00e3o entre a unha e o gel.<\/p>\n","protected":false},"excerpt":{"rendered":"<p>Adesivador para prepara\u00e7\u00e3o qu\u00edmica.<\/p>\n","protected":false},"featured_media":4254,"comment_status":"open","ping_status":"closed","template":"","meta":[],"product_brand":[],"product_cat":[331],"product_tag":[150,201],"class_list":{"0":"post-4218","1":"product","2":"type-product","3":"status-publish","4":"has-post-thumbnail","6":"product_cat-uze-nails","7":"product_tag-adesao","8":"product_tag-adesivador","10":"first","11":"instock","12":"taxable","13":"shipping-taxable","14":"purchasable","15":"product-type-simple"},"_links":{"self":[{"href":"https:\/\/espacovcmais.com\/index.php\/wp-json\/wp\/v2\/product\/4218","targetHints":{"allow":["GET"]}}],"collection":[{"href":"https:\/\/espacovcmais.com\/index.php\/wp-json\/wp\/v2\/product"}],"about":[{"href":"https:\/\/espacovcmais.com\/index.php\/wp-json\/wp\/v2\/types\/product"}],"replies":[{"embeddable":true,"href":"https:\/\/espacovcmais.com\/index.php\/wp-json\/wp\/v2\/comments?post=4218"}],"version-history":[{"count":1,"href":"https:\/\/espacovcmais.com\/index.php\/wp-json\/wp\/v2\/product\/4218\/revisions"}],"predecessor-version":[{"id":4273,"href":"https:\/\/espacovcmais.com\/index.php\/wp-json\/wp\/v2\/product\/4218\/revisions\/4273"}],"wp:featuredmedia":[{"embeddable":true,"href":"https:\/\/espacovcmais.com\/index.php\/wp-json\/wp\/v2\/media\/4254"}],"wp:attachment":[{"href":"https:\/\/espacovcmais.com\/index.php\/wp-json\/wp\/v2\/media?parent=4218"}],"wp:term":[{"taxonomy":"product_brand","embeddable":true,"href":"https:\/\/espacovcmais.com\/index.php\/wp-json\/wp\/v2\/product_brand?post=4218"},{"taxonomy":"product_cat","embeddable":true,"href":"https:\/\/espacovcmais.com\/index.php\/wp-json\/wp\/v2\/product_cat?post=4218"},{"taxonomy":"product_tag","embeddable":true,"href":"https:\/\/espacovcmais.com\/index.php\/wp-json\/wp\/v2\/product_tag?post=4218"}],"curies":[{"name":"wp","href":"https:\/\/api.w.org\/{rel}","templated":true}]}}