{"id":4216,"date":"2025-08-20T16:19:32","date_gmt":"2025-08-20T19:19:32","guid":{"rendered":"https:\/\/espacovcmais.com\/index.php\/product\/gel-glitter-star-pink-25g\/"},"modified":"2025-08-29T06:54:57","modified_gmt":"2025-08-29T09:54:57","slug":"gel-glitter-star-pink-25g","status":"publish","type":"product","link":"https:\/\/espacovcmais.com\/index.php\/product\/gel-glitter-star-pink-25g\/","title":{"rendered":"Gel Glitter Star Pink 25g"},"content":{"rendered":"<p>Gel rosa transl\u00facido com part\u00edculas furta-cor e brancas. Efeito luminoso e resist\u00eancia.<\/p>\n","protected":false},"excerpt":{"rendered":"<p>Gel Star Pink com brilho delicado.<\/p>\n","protected":false},"featured_media":4256,"comment_status":"open","ping_status":"closed","template":"","meta":[],"product_brand":[],"product_cat":[331],"product_tag":[136,146,338],"class_list":{"0":"post-4216","1":"product","2":"type-product","3":"status-publish","4":"has-post-thumbnail","6":"product_cat-uze-nails","7":"product_tag-gel","8":"product_tag-glitter","9":"product_tag-star-pink","11":"first","12":"instock","13":"taxable","14":"shipping-taxable","15":"purchasable","16":"product-type-simple"},"_links":{"self":[{"href":"https:\/\/espacovcmais.com\/index.php\/wp-json\/wp\/v2\/product\/4216","targetHints":{"allow":["GET"]}}],"collection":[{"href":"https:\/\/espacovcmais.com\/index.php\/wp-json\/wp\/v2\/product"}],"about":[{"href":"https:\/\/espacovcmais.com\/index.php\/wp-json\/wp\/v2\/types\/product"}],"replies":[{"embeddable":true,"href":"https:\/\/espacovcmais.com\/index.php\/wp-json\/wp\/v2\/comments?post=4216"}],"version-history":[{"count":1,"href":"https:\/\/espacovcmais.com\/index.php\/wp-json\/wp\/v2\/product\/4216\/revisions"}],"predecessor-version":[{"id":4275,"href":"https:\/\/espacovcmais.com\/index.php\/wp-json\/wp\/v2\/product\/4216\/revisions\/4275"}],"wp:featuredmedia":[{"embeddable":true,"href":"https:\/\/espacovcmais.com\/index.php\/wp-json\/wp\/v2\/media\/4256"}],"wp:attachment":[{"href":"https:\/\/espacovcmais.com\/index.php\/wp-json\/wp\/v2\/media?parent=4216"}],"wp:term":[{"taxonomy":"product_brand","embeddable":true,"href":"https:\/\/espacovcmais.com\/index.php\/wp-json\/wp\/v2\/product_brand?post=4216"},{"taxonomy":"product_cat","embeddable":true,"href":"https:\/\/espacovcmais.com\/index.php\/wp-json\/wp\/v2\/product_cat?post=4216"},{"taxonomy":"product_tag","embeddable":true,"href":"https:\/\/espacovcmais.com\/index.php\/wp-json\/wp\/v2\/product_tag?post=4216"}],"curies":[{"name":"wp","href":"https:\/\/api.w.org\/{rel}","templated":true}]}}