{"id":4208,"date":"2025-08-20T16:19:32","date_gmt":"2025-08-20T19:19:32","guid":{"rendered":"https:\/\/espacovcmais.com\/index.php\/product\/gel-construtor-baby-pink-25g\/"},"modified":"2025-08-29T06:56:39","modified_gmt":"2025-08-29T09:56:39","slug":"gel-construtor-baby-pink-25g","status":"publish","type":"product","link":"https:\/\/espacovcmais.com\/index.php\/product\/gel-construtor-baby-pink-25g\/","title":{"rendered":"Gel Construtor Baby Pink 25g"},"content":{"rendered":"<p>Gel com tecnologia Static Gel, autonivelante e fundo rosado transl\u00facido. Alta ader\u00eancia e resist\u00eancia.<\/p>\n","protected":false},"excerpt":{"rendered":"<p>Gel Baby Pink com acabamento natural.<\/p>\n","protected":false},"featured_media":4264,"comment_status":"open","ping_status":"closed","template":"","meta":[],"product_brand":[],"product_cat":[331],"product_tag":[228,136,332],"class_list":{"0":"post-4208","1":"product","2":"type-product","3":"status-publish","4":"has-post-thumbnail","6":"product_cat-uze-nails","7":"product_tag-baby-pink","8":"product_tag-gel","9":"product_tag-static","11":"first","12":"instock","13":"taxable","14":"shipping-taxable","15":"purchasable","16":"product-type-simple"},"_links":{"self":[{"href":"https:\/\/espacovcmais.com\/index.php\/wp-json\/wp\/v2\/product\/4208","targetHints":{"allow":["GET"]}}],"collection":[{"href":"https:\/\/espacovcmais.com\/index.php\/wp-json\/wp\/v2\/product"}],"about":[{"href":"https:\/\/espacovcmais.com\/index.php\/wp-json\/wp\/v2\/types\/product"}],"replies":[{"embeddable":true,"href":"https:\/\/espacovcmais.com\/index.php\/wp-json\/wp\/v2\/comments?post=4208"}],"version-history":[{"count":1,"href":"https:\/\/espacovcmais.com\/index.php\/wp-json\/wp\/v2\/product\/4208\/revisions"}],"predecessor-version":[{"id":4283,"href":"https:\/\/espacovcmais.com\/index.php\/wp-json\/wp\/v2\/product\/4208\/revisions\/4283"}],"wp:featuredmedia":[{"embeddable":true,"href":"https:\/\/espacovcmais.com\/index.php\/wp-json\/wp\/v2\/media\/4264"}],"wp:attachment":[{"href":"https:\/\/espacovcmais.com\/index.php\/wp-json\/wp\/v2\/media?parent=4208"}],"wp:term":[{"taxonomy":"product_brand","embeddable":true,"href":"https:\/\/espacovcmais.com\/index.php\/wp-json\/wp\/v2\/product_brand?post=4208"},{"taxonomy":"product_cat","embeddable":true,"href":"https:\/\/espacovcmais.com\/index.php\/wp-json\/wp\/v2\/product_cat?post=4208"},{"taxonomy":"product_tag","embeddable":true,"href":"https:\/\/espacovcmais.com\/index.php\/wp-json\/wp\/v2\/product_tag?post=4208"}],"curies":[{"name":"wp","href":"https:\/\/api.w.org\/{rel}","templated":true}]}}