{"id":4204,"date":"2025-08-20T16:11:59","date_gmt":"2025-08-20T19:11:59","guid":{"rendered":"https:\/\/espacovcmais.com\/index.php\/product\/po-acrilico-maskara-20g\/"},"modified":"2025-08-29T12:55:40","modified_gmt":"2025-08-29T15:55:40","slug":"po-acrilico-maskara-20g","status":"publish","type":"product","link":"https:\/\/espacovcmais.com\/index.php\/product\/po-acrilico-maskara-20g\/","title":{"rendered":"P\u00f3 Acr\u00edlico Maskara 20g"},"content":{"rendered":"<p>P\u00f3 acr\u00edlico fino para constru\u00e7\u00e3o, encapsulamento e nail art. Alta ader\u00eancia e rea\u00e7\u00e3o perfeita com l\u00edquido.<\/p>\n","protected":false},"excerpt":{"rendered":"<p>P\u00f3 Acr\u00edlico Maskara para constru\u00e7\u00e3o.<\/p>\n","protected":false},"featured_media":4286,"comment_status":"open","ping_status":"closed","template":"","meta":[],"product_brand":[],"product_cat":[300],"product_tag":[303,329],"class_list":{"0":"post-4204","1":"product","2":"type-product","3":"status-publish","4":"has-post-thumbnail","6":"product_cat-nails-21","7":"product_tag-maskara","8":"product_tag-po-acrilico","10":"first","11":"instock","12":"taxable","13":"shipping-taxable","14":"purchasable","15":"product-type-simple"},"_links":{"self":[{"href":"https:\/\/espacovcmais.com\/index.php\/wp-json\/wp\/v2\/product\/4204","targetHints":{"allow":["GET"]}}],"collection":[{"href":"https:\/\/espacovcmais.com\/index.php\/wp-json\/wp\/v2\/product"}],"about":[{"href":"https:\/\/espacovcmais.com\/index.php\/wp-json\/wp\/v2\/types\/product"}],"replies":[{"embeddable":true,"href":"https:\/\/espacovcmais.com\/index.php\/wp-json\/wp\/v2\/comments?post=4204"}],"version-history":[{"count":1,"href":"https:\/\/espacovcmais.com\/index.php\/wp-json\/wp\/v2\/product\/4204\/revisions"}],"predecessor-version":[{"id":4331,"href":"https:\/\/espacovcmais.com\/index.php\/wp-json\/wp\/v2\/product\/4204\/revisions\/4331"}],"wp:featuredmedia":[{"embeddable":true,"href":"https:\/\/espacovcmais.com\/index.php\/wp-json\/wp\/v2\/media\/4286"}],"wp:attachment":[{"href":"https:\/\/espacovcmais.com\/index.php\/wp-json\/wp\/v2\/media?parent=4204"}],"wp:term":[{"taxonomy":"product_brand","embeddable":true,"href":"https:\/\/espacovcmais.com\/index.php\/wp-json\/wp\/v2\/product_brand?post=4204"},{"taxonomy":"product_cat","embeddable":true,"href":"https:\/\/espacovcmais.com\/index.php\/wp-json\/wp\/v2\/product_cat?post=4204"},{"taxonomy":"product_tag","embeddable":true,"href":"https:\/\/espacovcmais.com\/index.php\/wp-json\/wp\/v2\/product_tag?post=4204"}],"curies":[{"name":"wp","href":"https:\/\/api.w.org\/{rel}","templated":true}]}}