{"id":4191,"date":"2025-08-20T16:11:59","date_gmt":"2025-08-20T19:11:59","guid":{"rendered":"https:\/\/espacovcmais.com\/index.php\/product\/capa-base-milky-28g\/"},"modified":"2025-08-29T13:32:26","modified_gmt":"2025-08-29T16:32:26","slug":"capa-base-milky-28g","status":"publish","type":"product","link":"https:\/\/espacovcmais.com\/index.php\/product\/capa-base-milky-28g\/","title":{"rendered":"Capa Base Milky 28g"},"content":{"rendered":"<p>Gel base flex\u00edvel para blindagem e constru\u00e7\u00e3o. Tampa em formato de cora\u00e7\u00e3o para prote\u00e7\u00e3o UV.<\/p>\n","protected":false},"excerpt":{"rendered":"<p>Capa Base Milky para blindagem.<\/p>\n","protected":false},"featured_media":4299,"comment_status":"open","ping_status":"closed","template":"","meta":[],"product_brand":[],"product_cat":[300],"product_tag":[318,149,304],"class_list":{"0":"post-4191","1":"product","2":"type-product","3":"status-publish","4":"has-post-thumbnail","6":"product_cat-nails-21","7":"product_tag-coracao","8":"product_tag-gel-base","9":"product_tag-milky","11":"first","12":"instock","13":"taxable","14":"shipping-taxable","15":"purchasable","16":"product-type-simple"},"_links":{"self":[{"href":"https:\/\/espacovcmais.com\/index.php\/wp-json\/wp\/v2\/product\/4191","targetHints":{"allow":["GET"]}}],"collection":[{"href":"https:\/\/espacovcmais.com\/index.php\/wp-json\/wp\/v2\/product"}],"about":[{"href":"https:\/\/espacovcmais.com\/index.php\/wp-json\/wp\/v2\/types\/product"}],"replies":[{"embeddable":true,"href":"https:\/\/espacovcmais.com\/index.php\/wp-json\/wp\/v2\/comments?post=4191"}],"version-history":[{"count":1,"href":"https:\/\/espacovcmais.com\/index.php\/wp-json\/wp\/v2\/product\/4191\/revisions"}],"predecessor-version":[{"id":4354,"href":"https:\/\/espacovcmais.com\/index.php\/wp-json\/wp\/v2\/product\/4191\/revisions\/4354"}],"wp:featuredmedia":[{"embeddable":true,"href":"https:\/\/espacovcmais.com\/index.php\/wp-json\/wp\/v2\/media\/4299"}],"wp:attachment":[{"href":"https:\/\/espacovcmais.com\/index.php\/wp-json\/wp\/v2\/media?parent=4191"}],"wp:term":[{"taxonomy":"product_brand","embeddable":true,"href":"https:\/\/espacovcmais.com\/index.php\/wp-json\/wp\/v2\/product_brand?post=4191"},{"taxonomy":"product_cat","embeddable":true,"href":"https:\/\/espacovcmais.com\/index.php\/wp-json\/wp\/v2\/product_cat?post=4191"},{"taxonomy":"product_tag","embeddable":true,"href":"https:\/\/espacovcmais.com\/index.php\/wp-json\/wp\/v2\/product_tag?post=4191"}],"curies":[{"name":"wp","href":"https:\/\/api.w.org\/{rel}","templated":true}]}}