{"id":4185,"date":"2025-08-20T16:11:58","date_gmt":"2025-08-20T19:11:58","guid":{"rendered":"https:\/\/espacovcmais.com\/index.php\/product\/gel-strong-soft-pink-34g\/"},"modified":"2025-08-29T13:05:51","modified_gmt":"2025-08-29T16:05:51","slug":"gel-strong-soft-pink-34g","status":"publish","type":"product","link":"https:\/\/espacovcmais.com\/index.php\/product\/gel-strong-soft-pink-34g\/","title":{"rendered":"Gel Strong Soft Pink 34g"},"content":{"rendered":"<p>Gel cremoso e est\u00e1tico para constru\u00e7\u00e3o. N\u00e3o escorre e n\u00e3o aquece na cabine.<\/p>\n","protected":false},"excerpt":{"rendered":"<p>Strong Soft Pink para constru\u00e7\u00e3o.<\/p>\n","protected":false},"featured_media":4305,"comment_status":"open","ping_status":"closed","template":"","meta":[],"product_brand":[],"product_cat":[300],"product_tag":[136,313,257],"class_list":{"0":"post-4185","1":"product","2":"type-product","3":"status-publish","4":"has-post-thumbnail","6":"product_cat-nails-21","7":"product_tag-gel","8":"product_tag-soft-pink","9":"product_tag-strong","11":"first","12":"instock","13":"taxable","14":"shipping-taxable","15":"purchasable","16":"product-type-simple"},"_links":{"self":[{"href":"https:\/\/espacovcmais.com\/index.php\/wp-json\/wp\/v2\/product\/4185","targetHints":{"allow":["GET"]}}],"collection":[{"href":"https:\/\/espacovcmais.com\/index.php\/wp-json\/wp\/v2\/product"}],"about":[{"href":"https:\/\/espacovcmais.com\/index.php\/wp-json\/wp\/v2\/types\/product"}],"replies":[{"embeddable":true,"href":"https:\/\/espacovcmais.com\/index.php\/wp-json\/wp\/v2\/comments?post=4185"}],"version-history":[{"count":1,"href":"https:\/\/espacovcmais.com\/index.php\/wp-json\/wp\/v2\/product\/4185\/revisions"}],"predecessor-version":[{"id":4342,"href":"https:\/\/espacovcmais.com\/index.php\/wp-json\/wp\/v2\/product\/4185\/revisions\/4342"}],"wp:featuredmedia":[{"embeddable":true,"href":"https:\/\/espacovcmais.com\/index.php\/wp-json\/wp\/v2\/media\/4305"}],"wp:attachment":[{"href":"https:\/\/espacovcmais.com\/index.php\/wp-json\/wp\/v2\/media?parent=4185"}],"wp:term":[{"taxonomy":"product_brand","embeddable":true,"href":"https:\/\/espacovcmais.com\/index.php\/wp-json\/wp\/v2\/product_brand?post=4185"},{"taxonomy":"product_cat","embeddable":true,"href":"https:\/\/espacovcmais.com\/index.php\/wp-json\/wp\/v2\/product_cat?post=4185"},{"taxonomy":"product_tag","embeddable":true,"href":"https:\/\/espacovcmais.com\/index.php\/wp-json\/wp\/v2\/product_tag?post=4185"}],"curies":[{"name":"wp","href":"https:\/\/api.w.org\/{rel}","templated":true}]}}