{"id":4167,"date":"2025-08-20T16:11:57","date_gmt":"2025-08-20T19:11:57","guid":{"rendered":"https:\/\/espacovcmais.com\/index.php\/product\/eus-cover-pink-12ml\/"},"modified":"2025-08-29T13:08:31","modified_gmt":"2025-08-29T16:08:31","slug":"eus-cover-pink-12ml","status":"publish","type":"product","link":"https:\/\/espacovcmais.com\/index.php\/product\/eus-cover-pink-12ml\/","title":{"rendered":"Eus Cover Pink 12ml"},"content":{"rendered":"<p>Top coat sem dispers\u00e3o com prote\u00e7\u00e3o UV. Ideal para francesas e unhas claras.<\/p>\n","protected":false},"excerpt":{"rendered":"<p>Eus Cover Pink com prote\u00e7\u00e3o UV.<\/p>\n","protected":false},"featured_media":4321,"comment_status":"open","ping_status":"closed","template":"","meta":[],"product_brand":[],"product_cat":[300],"product_tag":[306,307,160],"class_list":{"0":"post-4167","1":"product","2":"type-product","3":"status-publish","4":"has-post-thumbnail","6":"product_cat-nails-21","7":"product_tag-cover-pink","8":"product_tag-eus","9":"product_tag-top-coat","11":"first","12":"instock","13":"taxable","14":"shipping-taxable","15":"purchasable","16":"product-type-simple"},"_links":{"self":[{"href":"https:\/\/espacovcmais.com\/index.php\/wp-json\/wp\/v2\/product\/4167","targetHints":{"allow":["GET"]}}],"collection":[{"href":"https:\/\/espacovcmais.com\/index.php\/wp-json\/wp\/v2\/product"}],"about":[{"href":"https:\/\/espacovcmais.com\/index.php\/wp-json\/wp\/v2\/types\/product"}],"replies":[{"embeddable":true,"href":"https:\/\/espacovcmais.com\/index.php\/wp-json\/wp\/v2\/comments?post=4167"}],"version-history":[{"count":1,"href":"https:\/\/espacovcmais.com\/index.php\/wp-json\/wp\/v2\/product\/4167\/revisions"}],"predecessor-version":[{"id":4346,"href":"https:\/\/espacovcmais.com\/index.php\/wp-json\/wp\/v2\/product\/4167\/revisions\/4346"}],"wp:featuredmedia":[{"embeddable":true,"href":"https:\/\/espacovcmais.com\/index.php\/wp-json\/wp\/v2\/media\/4321"}],"wp:attachment":[{"href":"https:\/\/espacovcmais.com\/index.php\/wp-json\/wp\/v2\/media?parent=4167"}],"wp:term":[{"taxonomy":"product_brand","embeddable":true,"href":"https:\/\/espacovcmais.com\/index.php\/wp-json\/wp\/v2\/product_brand?post=4167"},{"taxonomy":"product_cat","embeddable":true,"href":"https:\/\/espacovcmais.com\/index.php\/wp-json\/wp\/v2\/product_cat?post=4167"},{"taxonomy":"product_tag","embeddable":true,"href":"https:\/\/espacovcmais.com\/index.php\/wp-json\/wp\/v2\/product_tag?post=4167"}],"curies":[{"name":"wp","href":"https:\/\/api.w.org\/{rel}","templated":true}]}}