{"id":4165,"date":"2025-08-20T16:11:57","date_gmt":"2025-08-20T19:11:57","guid":{"rendered":"https:\/\/espacovcmais.com\/index.php\/product\/onefix-pink-12ml\/"},"modified":"2025-08-29T13:09:52","modified_gmt":"2025-08-29T16:09:52","slug":"onefix-pink-12ml","status":"publish","type":"product","link":"https:\/\/espacovcmais.com\/index.php\/product\/onefix-pink-12ml\/","title":{"rendered":"Onefix Pink 12ml"},"content":{"rendered":"<p>Gel base flex\u00edvel para blindagem e constru\u00e7\u00e3o. Ideal para unhas finas e quebradi\u00e7as.<\/p>\n","protected":false},"excerpt":{"rendered":"<p>Onefix Pink para blindagem.<\/p>\n","protected":false},"featured_media":4323,"comment_status":"open","ping_status":"closed","template":"","meta":[],"product_brand":[],"product_cat":[300],"product_tag":[149,302,208],"class_list":{"0":"post-4165","1":"product","2":"type-product","3":"status-publish","4":"has-post-thumbnail","6":"product_cat-nails-21","7":"product_tag-gel-base","8":"product_tag-onefix","9":"product_tag-pink","11":"first","12":"instock","13":"taxable","14":"shipping-taxable","15":"purchasable","16":"product-type-simple"},"_links":{"self":[{"href":"https:\/\/espacovcmais.com\/index.php\/wp-json\/wp\/v2\/product\/4165","targetHints":{"allow":["GET"]}}],"collection":[{"href":"https:\/\/espacovcmais.com\/index.php\/wp-json\/wp\/v2\/product"}],"about":[{"href":"https:\/\/espacovcmais.com\/index.php\/wp-json\/wp\/v2\/types\/product"}],"replies":[{"embeddable":true,"href":"https:\/\/espacovcmais.com\/index.php\/wp-json\/wp\/v2\/comments?post=4165"}],"version-history":[{"count":1,"href":"https:\/\/espacovcmais.com\/index.php\/wp-json\/wp\/v2\/product\/4165\/revisions"}],"predecessor-version":[{"id":4348,"href":"https:\/\/espacovcmais.com\/index.php\/wp-json\/wp\/v2\/product\/4165\/revisions\/4348"}],"wp:featuredmedia":[{"embeddable":true,"href":"https:\/\/espacovcmais.com\/index.php\/wp-json\/wp\/v2\/media\/4323"}],"wp:attachment":[{"href":"https:\/\/espacovcmais.com\/index.php\/wp-json\/wp\/v2\/media?parent=4165"}],"wp:term":[{"taxonomy":"product_brand","embeddable":true,"href":"https:\/\/espacovcmais.com\/index.php\/wp-json\/wp\/v2\/product_brand?post=4165"},{"taxonomy":"product_cat","embeddable":true,"href":"https:\/\/espacovcmais.com\/index.php\/wp-json\/wp\/v2\/product_cat?post=4165"},{"taxonomy":"product_tag","embeddable":true,"href":"https:\/\/espacovcmais.com\/index.php\/wp-json\/wp\/v2\/product_tag?post=4165"}],"curies":[{"name":"wp","href":"https:\/\/api.w.org\/{rel}","templated":true}]}}