{"id":4161,"date":"2025-08-20T16:11:57","date_gmt":"2025-08-20T19:11:57","guid":{"rendered":"https:\/\/espacovcmais.com\/index.php\/product\/primer-12ml\/"},"modified":"2025-08-29T15:13:36","modified_gmt":"2025-08-29T18:13:36","slug":"primer-12ml","status":"publish","type":"product","link":"https:\/\/espacovcmais.com\/index.php\/product\/primer-12ml\/","title":{"rendered":"Primer 12ml"},"content":{"rendered":"<p>Desengordurante e desidratante sem \u00e1cido. Prepara a unha para receber o adesivador.<\/p>\n","protected":false},"excerpt":{"rendered":"<p>Primer sem \u00e1cido para prepara\u00e7\u00e3o.<\/p>\n","protected":false},"featured_media":4327,"comment_status":"open","ping_status":"closed","template":"","meta":[],"product_brand":[],"product_cat":[300],"product_tag":[155,156],"class_list":{"0":"post-4161","1":"product","2":"type-product","3":"status-publish","4":"has-post-thumbnail","6":"product_cat-nails-21","7":"product_tag-primer","8":"product_tag-sem-acido","10":"first","11":"instock","12":"taxable","13":"shipping-taxable","14":"purchasable","15":"product-type-simple"},"_links":{"self":[{"href":"https:\/\/espacovcmais.com\/index.php\/wp-json\/wp\/v2\/product\/4161","targetHints":{"allow":["GET"]}}],"collection":[{"href":"https:\/\/espacovcmais.com\/index.php\/wp-json\/wp\/v2\/product"}],"about":[{"href":"https:\/\/espacovcmais.com\/index.php\/wp-json\/wp\/v2\/types\/product"}],"replies":[{"embeddable":true,"href":"https:\/\/espacovcmais.com\/index.php\/wp-json\/wp\/v2\/comments?post=4161"}],"version-history":[{"count":1,"href":"https:\/\/espacovcmais.com\/index.php\/wp-json\/wp\/v2\/product\/4161\/revisions"}],"predecessor-version":[{"id":4363,"href":"https:\/\/espacovcmais.com\/index.php\/wp-json\/wp\/v2\/product\/4161\/revisions\/4363"}],"wp:featuredmedia":[{"embeddable":true,"href":"https:\/\/espacovcmais.com\/index.php\/wp-json\/wp\/v2\/media\/4327"}],"wp:attachment":[{"href":"https:\/\/espacovcmais.com\/index.php\/wp-json\/wp\/v2\/media?parent=4161"}],"wp:term":[{"taxonomy":"product_brand","embeddable":true,"href":"https:\/\/espacovcmais.com\/index.php\/wp-json\/wp\/v2\/product_brand?post=4161"},{"taxonomy":"product_cat","embeddable":true,"href":"https:\/\/espacovcmais.com\/index.php\/wp-json\/wp\/v2\/product_cat?post=4161"},{"taxonomy":"product_tag","embeddable":true,"href":"https:\/\/espacovcmais.com\/index.php\/wp-json\/wp\/v2\/product_tag?post=4161"}],"curies":[{"name":"wp","href":"https:\/\/api.w.org\/{rel}","templated":true}]}}