{"id":4159,"date":"2025-08-20T16:11:57","date_gmt":"2025-08-20T19:11:57","guid":{"rendered":"https:\/\/espacovcmais.com\/index.php\/product\/primer-com-acido-12ml\/"},"modified":"2025-08-29T15:14:38","modified_gmt":"2025-08-29T18:14:38","slug":"primer-com-acido-12ml","status":"publish","type":"product","link":"https:\/\/espacovcmais.com\/index.php\/product\/primer-com-acido-12ml\/","title":{"rendered":"Primer com \u00c1cido 12ml"},"content":{"rendered":"<p>Desengordurante e desidratante com \u00e1cido metacrilato. Promove ades\u00e3o perfeita de g\u00e9is e acr\u00edlicos.<\/p>\n","protected":false},"excerpt":{"rendered":"<p>Primer com \u00e1cido para prepara\u00e7\u00e3o qu\u00edmica.<\/p>\n","protected":false},"featured_media":4329,"comment_status":"open","ping_status":"closed","template":"","meta":[],"product_brand":[],"product_cat":[300],"product_tag":[150,157],"class_list":{"0":"post-4159","1":"product","2":"type-product","3":"status-publish","4":"has-post-thumbnail","6":"product_cat-nails-21","7":"product_tag-adesao","8":"product_tag-primer-acido","10":"first","11":"instock","12":"taxable","13":"shipping-taxable","14":"purchasable","15":"product-type-simple"},"_links":{"self":[{"href":"https:\/\/espacovcmais.com\/index.php\/wp-json\/wp\/v2\/product\/4159","targetHints":{"allow":["GET"]}}],"collection":[{"href":"https:\/\/espacovcmais.com\/index.php\/wp-json\/wp\/v2\/product"}],"about":[{"href":"https:\/\/espacovcmais.com\/index.php\/wp-json\/wp\/v2\/types\/product"}],"replies":[{"embeddable":true,"href":"https:\/\/espacovcmais.com\/index.php\/wp-json\/wp\/v2\/comments?post=4159"}],"version-history":[{"count":1,"href":"https:\/\/espacovcmais.com\/index.php\/wp-json\/wp\/v2\/product\/4159\/revisions"}],"predecessor-version":[{"id":4365,"href":"https:\/\/espacovcmais.com\/index.php\/wp-json\/wp\/v2\/product\/4159\/revisions\/4365"}],"wp:featuredmedia":[{"embeddable":true,"href":"https:\/\/espacovcmais.com\/index.php\/wp-json\/wp\/v2\/media\/4329"}],"wp:attachment":[{"href":"https:\/\/espacovcmais.com\/index.php\/wp-json\/wp\/v2\/media?parent=4159"}],"wp:term":[{"taxonomy":"product_brand","embeddable":true,"href":"https:\/\/espacovcmais.com\/index.php\/wp-json\/wp\/v2\/product_brand?post=4159"},{"taxonomy":"product_cat","embeddable":true,"href":"https:\/\/espacovcmais.com\/index.php\/wp-json\/wp\/v2\/product_cat?post=4159"},{"taxonomy":"product_tag","embeddable":true,"href":"https:\/\/espacovcmais.com\/index.php\/wp-json\/wp\/v2\/product_tag?post=4159"}],"curies":[{"name":"wp","href":"https:\/\/api.w.org\/{rel}","templated":true}]}}