{"id":4155,"date":"2025-08-20T15:31:42","date_gmt":"2025-08-20T18:31:42","guid":{"rendered":"https:\/\/espacovcmais.com\/index.php\/product\/lanterna-portatil-com-carimbo\/"},"modified":"2025-09-08T22:03:39","modified_gmt":"2025-09-09T01:03:39","slug":"lanterna-portatil-com-carimbo","status":"publish","type":"product","link":"https:\/\/espacovcmais.com\/index.php\/product\/lanterna-portatil-com-carimbo\/","title":{"rendered":"Lanterna Port\u00e1til com Carimbo"},"content":{"rendered":"<p>Lanterna LED UV com visor digital, suporte magn\u00e9tico e 4 carimbos. Ideal para precis\u00e3o em nail art.<\/p>\n","protected":false},"excerpt":{"rendered":"<p>Lanterna com Carimbo UV.<\/p>\n","protected":false},"featured_media":4381,"comment_status":"open","ping_status":"closed","template":"","meta":[],"product_brand":[],"product_cat":[251],"product_tag":[296,297],"class_list":{"0":"post-4155","1":"product","2":"type-product","3":"status-publish","4":"has-post-thumbnail","6":"product_cat-maquinarios","7":"product_tag-lanter","8":"product_tag-led","10":"first","11":"instock","12":"taxable","13":"shipping-taxable","14":"purchasable","15":"product-type-simple"},"_links":{"self":[{"href":"https:\/\/espacovcmais.com\/index.php\/wp-json\/wp\/v2\/product\/4155","targetHints":{"allow":["GET"]}}],"collection":[{"href":"https:\/\/espacovcmais.com\/index.php\/wp-json\/wp\/v2\/product"}],"about":[{"href":"https:\/\/espacovcmais.com\/index.php\/wp-json\/wp\/v2\/types\/product"}],"replies":[{"embeddable":true,"href":"https:\/\/espacovcmais.com\/index.php\/wp-json\/wp\/v2\/comments?post=4155"}],"version-history":[{"count":1,"href":"https:\/\/espacovcmais.com\/index.php\/wp-json\/wp\/v2\/product\/4155\/revisions"}],"predecessor-version":[{"id":4401,"href":"https:\/\/espacovcmais.com\/index.php\/wp-json\/wp\/v2\/product\/4155\/revisions\/4401"}],"wp:featuredmedia":[{"embeddable":true,"href":"https:\/\/espacovcmais.com\/index.php\/wp-json\/wp\/v2\/media\/4381"}],"wp:attachment":[{"href":"https:\/\/espacovcmais.com\/index.php\/wp-json\/wp\/v2\/media?parent=4155"}],"wp:term":[{"taxonomy":"product_brand","embeddable":true,"href":"https:\/\/espacovcmais.com\/index.php\/wp-json\/wp\/v2\/product_brand?post=4155"},{"taxonomy":"product_cat","embeddable":true,"href":"https:\/\/espacovcmais.com\/index.php\/wp-json\/wp\/v2\/product_cat?post=4155"},{"taxonomy":"product_tag","embeddable":true,"href":"https:\/\/espacovcmais.com\/index.php\/wp-json\/wp\/v2\/product_tag?post=4155"}],"curies":[{"name":"wp","href":"https:\/\/api.w.org\/{rel}","templated":true}]}}