{"id":4151,"date":"2025-08-20T15:31:42","date_gmt":"2025-08-20T18:31:42","guid":{"rendered":"https:\/\/espacovcmais.com\/index.php\/product\/luminaria-de-presilha-23cm-branca\/"},"modified":"2026-01-21T12:44:36","modified_gmt":"2026-01-21T15:44:36","slug":"luminaria-de-presilha-23cm-branca","status":"publish","type":"product","link":"https:\/\/espacovcmais.com\/index.php\/product\/luminaria-de-presilha-23cm-branca\/","title":{"rendered":"Lumin\u00e1ria de Presilha 23cm Branca"},"content":{"rendered":"<p>Lumin\u00e1ria com presilha para fixa\u00e7\u00e3o em superf\u00edcies. Ideal para espa\u00e7os reduzidos.<\/p>\n","protected":false},"excerpt":{"rendered":"<p>Lumin\u00e1ria de Presilha 23cm Branca.<\/p>\n","protected":false},"featured_media":4946,"comment_status":"open","ping_status":"closed","template":"","meta":[],"product_brand":[],"product_cat":[251],"product_tag":[292,288,293],"class_list":{"0":"post-4151","1":"product","2":"type-product","3":"status-publish","4":"has-post-thumbnail","6":"product_cat-maquinarios","7":"product_tag-compacta","8":"product_tag-luminaria","9":"product_tag-presilha","11":"first","12":"instock","13":"taxable","14":"shipping-taxable","15":"purchasable","16":"product-type-simple"},"_links":{"self":[{"href":"https:\/\/espacovcmais.com\/index.php\/wp-json\/wp\/v2\/product\/4151","targetHints":{"allow":["GET"]}}],"collection":[{"href":"https:\/\/espacovcmais.com\/index.php\/wp-json\/wp\/v2\/product"}],"about":[{"href":"https:\/\/espacovcmais.com\/index.php\/wp-json\/wp\/v2\/types\/product"}],"replies":[{"embeddable":true,"href":"https:\/\/espacovcmais.com\/index.php\/wp-json\/wp\/v2\/comments?post=4151"}],"version-history":[{"count":1,"href":"https:\/\/espacovcmais.com\/index.php\/wp-json\/wp\/v2\/product\/4151\/revisions"}],"predecessor-version":[{"id":4404,"href":"https:\/\/espacovcmais.com\/index.php\/wp-json\/wp\/v2\/product\/4151\/revisions\/4404"}],"wp:featuredmedia":[{"embeddable":true,"href":"https:\/\/espacovcmais.com\/index.php\/wp-json\/wp\/v2\/media\/4946"}],"wp:attachment":[{"href":"https:\/\/espacovcmais.com\/index.php\/wp-json\/wp\/v2\/media?parent=4151"}],"wp:term":[{"taxonomy":"product_brand","embeddable":true,"href":"https:\/\/espacovcmais.com\/index.php\/wp-json\/wp\/v2\/product_brand?post=4151"},{"taxonomy":"product_cat","embeddable":true,"href":"https:\/\/espacovcmais.com\/index.php\/wp-json\/wp\/v2\/product_cat?post=4151"},{"taxonomy":"product_tag","embeddable":true,"href":"https:\/\/espacovcmais.com\/index.php\/wp-json\/wp\/v2\/product_tag?post=4151"}],"curies":[{"name":"wp","href":"https:\/\/api.w.org\/{rel}","templated":true}]}}