{"id":4150,"date":"2025-08-20T15:31:41","date_gmt":"2025-08-20T18:31:41","guid":{"rendered":"https:\/\/espacovcmais.com\/index.php\/product\/luminaria-de-base-23cm-rosa\/"},"modified":"2026-01-21T13:04:10","modified_gmt":"2026-01-21T16:04:10","slug":"luminaria-de-base-23cm-rosa","status":"publish","type":"product","link":"https:\/\/espacovcmais.com\/index.php\/product\/luminaria-de-base-23cm-rosa\/","title":{"rendered":"Lumin\u00e1ria de Base 23cm Rosa"},"content":{"rendered":"<p>Lumin\u00e1ria compacta com base, ideal para ilumina\u00e7\u00e3o direta em espa\u00e7os pequenos.<\/p>\n","protected":false},"excerpt":{"rendered":"<p>Lumin\u00e1ria de Base 23cm Rosa.<\/p>\n","protected":false},"featured_media":4951,"comment_status":"open","ping_status":"closed","template":"","meta":[],"product_brand":[],"product_cat":[251],"product_tag":[194,292,288],"class_list":{"0":"post-4150","1":"product","2":"type-product","3":"status-publish","4":"has-post-thumbnail","6":"product_cat-maquinarios","7":"product_tag-base","8":"product_tag-compacta","9":"product_tag-luminaria","11":"first","12":"instock","13":"taxable","14":"shipping-taxable","15":"purchasable","16":"product-type-simple"},"_links":{"self":[{"href":"https:\/\/espacovcmais.com\/index.php\/wp-json\/wp\/v2\/product\/4150","targetHints":{"allow":["GET"]}}],"collection":[{"href":"https:\/\/espacovcmais.com\/index.php\/wp-json\/wp\/v2\/product"}],"about":[{"href":"https:\/\/espacovcmais.com\/index.php\/wp-json\/wp\/v2\/types\/product"}],"replies":[{"embeddable":true,"href":"https:\/\/espacovcmais.com\/index.php\/wp-json\/wp\/v2\/comments?post=4150"}],"version-history":[{"count":1,"href":"https:\/\/espacovcmais.com\/index.php\/wp-json\/wp\/v2\/product\/4150\/revisions"}],"predecessor-version":[{"id":4406,"href":"https:\/\/espacovcmais.com\/index.php\/wp-json\/wp\/v2\/product\/4150\/revisions\/4406"}],"wp:featuredmedia":[{"embeddable":true,"href":"https:\/\/espacovcmais.com\/index.php\/wp-json\/wp\/v2\/media\/4951"}],"wp:attachment":[{"href":"https:\/\/espacovcmais.com\/index.php\/wp-json\/wp\/v2\/media?parent=4150"}],"wp:term":[{"taxonomy":"product_brand","embeddable":true,"href":"https:\/\/espacovcmais.com\/index.php\/wp-json\/wp\/v2\/product_brand?post=4150"},{"taxonomy":"product_cat","embeddable":true,"href":"https:\/\/espacovcmais.com\/index.php\/wp-json\/wp\/v2\/product_cat?post=4150"},{"taxonomy":"product_tag","embeddable":true,"href":"https:\/\/espacovcmais.com\/index.php\/wp-json\/wp\/v2\/product_tag?post=4150"}],"curies":[{"name":"wp","href":"https:\/\/api.w.org\/{rel}","templated":true}]}}