{"id":4146,"date":"2025-08-20T15:31:41","date_gmt":"2025-08-20T18:31:41","guid":{"rendered":"https:\/\/espacovcmais.com\/index.php\/product\/luminaria-articulada-65cm-rosa\/"},"modified":"2025-09-08T22:22:31","modified_gmt":"2025-09-09T01:22:31","slug":"luminaria-articulada-65cm-rosa","status":"publish","type":"product","link":"https:\/\/espacovcmais.com\/index.php\/product\/luminaria-articulada-65cm-rosa\/","title":{"rendered":"Lumin\u00e1ria Articulada 65cm Rosa"},"content":{"rendered":"<p>Lumin\u00e1ria articulada com base para mesa, bivolt, compat\u00edvel com l\u00e2mpadas E27. Design moderno e funcional.<\/p>\n","protected":false},"excerpt":{"rendered":"<p>Lumin\u00e1ria Articulada 65cm Rosa.<\/p>\n","protected":false},"featured_media":4390,"comment_status":"open","ping_status":"closed","template":"","meta":[],"product_brand":[],"product_cat":[251],"product_tag":[289,288,290],"class_list":{"0":"post-4146","1":"product","2":"type-product","3":"status-publish","4":"has-post-thumbnail","6":"product_cat-maquinarios","7":"product_tag-articulada","8":"product_tag-luminaria","9":"product_tag-mesa","11":"first","12":"instock","13":"taxable","14":"shipping-taxable","15":"purchasable","16":"product-type-simple"},"_links":{"self":[{"href":"https:\/\/espacovcmais.com\/index.php\/wp-json\/wp\/v2\/product\/4146","targetHints":{"allow":["GET"]}}],"collection":[{"href":"https:\/\/espacovcmais.com\/index.php\/wp-json\/wp\/v2\/product"}],"about":[{"href":"https:\/\/espacovcmais.com\/index.php\/wp-json\/wp\/v2\/types\/product"}],"replies":[{"embeddable":true,"href":"https:\/\/espacovcmais.com\/index.php\/wp-json\/wp\/v2\/comments?post=4146"}],"version-history":[{"count":1,"href":"https:\/\/espacovcmais.com\/index.php\/wp-json\/wp\/v2\/product\/4146\/revisions"}],"predecessor-version":[{"id":4410,"href":"https:\/\/espacovcmais.com\/index.php\/wp-json\/wp\/v2\/product\/4146\/revisions\/4410"}],"wp:featuredmedia":[{"embeddable":true,"href":"https:\/\/espacovcmais.com\/index.php\/wp-json\/wp\/v2\/media\/4390"}],"wp:attachment":[{"href":"https:\/\/espacovcmais.com\/index.php\/wp-json\/wp\/v2\/media?parent=4146"}],"wp:term":[{"taxonomy":"product_brand","embeddable":true,"href":"https:\/\/espacovcmais.com\/index.php\/wp-json\/wp\/v2\/product_brand?post=4146"},{"taxonomy":"product_cat","embeddable":true,"href":"https:\/\/espacovcmais.com\/index.php\/wp-json\/wp\/v2\/product_cat?post=4146"},{"taxonomy":"product_tag","embeddable":true,"href":"https:\/\/espacovcmais.com\/index.php\/wp-json\/wp\/v2\/product_tag?post=4146"}],"curies":[{"name":"wp","href":"https:\/\/api.w.org\/{rel}","templated":true}]}}