{"id":4142,"date":"2025-08-20T15:31:41","date_gmt":"2025-08-20T18:31:41","guid":{"rendered":"https:\/\/espacovcmais.com\/index.php\/product\/coletor-de-po-3-cooler-120w-branco\/"},"modified":"2026-01-21T13:20:05","modified_gmt":"2026-01-21T16:20:05","slug":"coletor-de-po-3-cooler-120w-branco","status":"publish","type":"product","link":"https:\/\/espacovcmais.com\/index.php\/product\/coletor-de-po-3-cooler-120w-branco\/","title":{"rendered":"Coletor de P\u00f3 3 Cooler 120w Branco"},"content":{"rendered":"<p>Coletor com 3 h\u00e9lices, motor silencioso e saco lav\u00e1vel. Ideal para m\u00e3os e p\u00e9s.<\/p>\n","protected":false},"excerpt":{"rendered":"<p>Coletor de P\u00f3 3 Cooler.<\/p>\n","protected":false},"featured_media":4954,"comment_status":"open","ping_status":"closed","template":"","meta":[],"product_brand":[],"product_cat":[251],"product_tag":[286,281,282],"class_list":{"0":"post-4142","1":"product","2":"type-product","3":"status-publish","4":"has-post-thumbnail","6":"product_cat-maquinarios","7":"product_tag-3-cooler","8":"product_tag-coletor","9":"product_tag-po","11":"first","12":"instock","13":"taxable","14":"shipping-taxable","15":"purchasable","16":"product-type-simple"},"_links":{"self":[{"href":"https:\/\/espacovcmais.com\/index.php\/wp-json\/wp\/v2\/product\/4142","targetHints":{"allow":["GET"]}}],"collection":[{"href":"https:\/\/espacovcmais.com\/index.php\/wp-json\/wp\/v2\/product"}],"about":[{"href":"https:\/\/espacovcmais.com\/index.php\/wp-json\/wp\/v2\/types\/product"}],"replies":[{"embeddable":true,"href":"https:\/\/espacovcmais.com\/index.php\/wp-json\/wp\/v2\/comments?post=4142"}],"version-history":[{"count":1,"href":"https:\/\/espacovcmais.com\/index.php\/wp-json\/wp\/v2\/product\/4142\/revisions"}],"predecessor-version":[{"id":4414,"href":"https:\/\/espacovcmais.com\/index.php\/wp-json\/wp\/v2\/product\/4142\/revisions\/4414"}],"wp:featuredmedia":[{"embeddable":true,"href":"https:\/\/espacovcmais.com\/index.php\/wp-json\/wp\/v2\/media\/4954"}],"wp:attachment":[{"href":"https:\/\/espacovcmais.com\/index.php\/wp-json\/wp\/v2\/media?parent=4142"}],"wp:term":[{"taxonomy":"product_brand","embeddable":true,"href":"https:\/\/espacovcmais.com\/index.php\/wp-json\/wp\/v2\/product_brand?post=4142"},{"taxonomy":"product_cat","embeddable":true,"href":"https:\/\/espacovcmais.com\/index.php\/wp-json\/wp\/v2\/product_cat?post=4142"},{"taxonomy":"product_tag","embeddable":true,"href":"https:\/\/espacovcmais.com\/index.php\/wp-json\/wp\/v2\/product_tag?post=4142"}],"curies":[{"name":"wp","href":"https:\/\/api.w.org\/{rel}","templated":true}]}}