{"id":4140,"date":"2025-08-20T15:31:40","date_gmt":"2025-08-20T18:31:40","guid":{"rendered":"https:\/\/espacovcmais.com\/index.php\/product\/coletor-de-po-vaccun-80w-branco-rosa\/"},"modified":"2025-09-08T22:24:46","modified_gmt":"2025-09-09T01:24:46","slug":"coletor-de-po-vaccun-80w-branco-rosa","status":"publish","type":"product","link":"https:\/\/espacovcmais.com\/index.php\/product\/coletor-de-po-vaccun-80w-branco-rosa\/","title":{"rendered":"Coletor de P\u00f3 Vaccun 80w Branco\/Rosa"},"content":{"rendered":"<p>Coletor de p\u00f3 com motor potente e filtro reutiliz\u00e1vel. Suc\u00e7\u00e3o ajust\u00e1vel e dissipa\u00e7\u00e3o eficiente de calor.<\/p>\n","protected":false},"excerpt":{"rendered":"<p>Coletor de P\u00f3 Vaccun 80W.<\/p>\n","protected":false},"featured_media":4396,"comment_status":"open","ping_status":"closed","template":"","meta":[],"product_brand":[],"product_cat":[251],"product_tag":[281,282,284],"class_list":{"0":"post-4140","1":"product","2":"type-product","3":"status-publish","4":"has-post-thumbnail","6":"product_cat-maquinarios","7":"product_tag-coletor","8":"product_tag-po","9":"product_tag-vaccun","11":"first","12":"instock","13":"taxable","14":"shipping-taxable","15":"purchasable","16":"product-type-simple"},"_links":{"self":[{"href":"https:\/\/espacovcmais.com\/index.php\/wp-json\/wp\/v2\/product\/4140","targetHints":{"allow":["GET"]}}],"collection":[{"href":"https:\/\/espacovcmais.com\/index.php\/wp-json\/wp\/v2\/product"}],"about":[{"href":"https:\/\/espacovcmais.com\/index.php\/wp-json\/wp\/v2\/types\/product"}],"replies":[{"embeddable":true,"href":"https:\/\/espacovcmais.com\/index.php\/wp-json\/wp\/v2\/comments?post=4140"}],"version-history":[{"count":1,"href":"https:\/\/espacovcmais.com\/index.php\/wp-json\/wp\/v2\/product\/4140\/revisions"}],"predecessor-version":[{"id":4416,"href":"https:\/\/espacovcmais.com\/index.php\/wp-json\/wp\/v2\/product\/4140\/revisions\/4416"}],"wp:featuredmedia":[{"embeddable":true,"href":"https:\/\/espacovcmais.com\/index.php\/wp-json\/wp\/v2\/media\/4396"}],"wp:attachment":[{"href":"https:\/\/espacovcmais.com\/index.php\/wp-json\/wp\/v2\/media?parent=4140"}],"wp:term":[{"taxonomy":"product_brand","embeddable":true,"href":"https:\/\/espacovcmais.com\/index.php\/wp-json\/wp\/v2\/product_brand?post=4140"},{"taxonomy":"product_cat","embeddable":true,"href":"https:\/\/espacovcmais.com\/index.php\/wp-json\/wp\/v2\/product_cat?post=4140"},{"taxonomy":"product_tag","embeddable":true,"href":"https:\/\/espacovcmais.com\/index.php\/wp-json\/wp\/v2\/product_tag?post=4140"}],"curies":[{"name":"wp","href":"https:\/\/api.w.org\/{rel}","templated":true}]}}