{"id":4139,"date":"2025-08-20T15:31:40","date_gmt":"2025-08-20T18:31:40","guid":{"rendered":"https:\/\/espacovcmais.com\/index.php\/product\/coletor-de-po-churrasqueira-120w-branco-rosa\/"},"modified":"2025-09-08T22:24:58","modified_gmt":"2025-09-09T01:24:58","slug":"coletor-de-po-churrasqueira-120w-branco-rosa","status":"publish","type":"product","link":"https:\/\/espacovcmais.com\/index.php\/product\/coletor-de-po-churrasqueira-120w-branco-rosa\/","title":{"rendered":"Coletor de P\u00f3 Churrasqueira 120w Branco\/Rosa"},"content":{"rendered":"<p>Coletor de p\u00f3 quadrado com 120W de pot\u00eancia. Ideal para remo\u00e7\u00e3o de p\u00f3 em alongamentos e esmalta\u00e7\u00e3o.<\/p>\n","protected":false},"excerpt":{"rendered":"<p>Coletor de P\u00f3 Churrasqueira 120W.<\/p>\n","protected":false},"featured_media":4397,"comment_status":"open","ping_status":"closed","template":"","meta":[],"product_brand":[],"product_cat":[251],"product_tag":[283,281,282],"class_list":{"0":"post-4139","1":"product","2":"type-product","3":"status-publish","4":"has-post-thumbnail","6":"product_cat-maquinarios","7":"product_tag-churrasqueira","8":"product_tag-coletor","9":"product_tag-po","11":"first","12":"instock","13":"taxable","14":"shipping-taxable","15":"purchasable","16":"product-type-simple"},"_links":{"self":[{"href":"https:\/\/espacovcmais.com\/index.php\/wp-json\/wp\/v2\/product\/4139","targetHints":{"allow":["GET"]}}],"collection":[{"href":"https:\/\/espacovcmais.com\/index.php\/wp-json\/wp\/v2\/product"}],"about":[{"href":"https:\/\/espacovcmais.com\/index.php\/wp-json\/wp\/v2\/types\/product"}],"replies":[{"embeddable":true,"href":"https:\/\/espacovcmais.com\/index.php\/wp-json\/wp\/v2\/comments?post=4139"}],"version-history":[{"count":1,"href":"https:\/\/espacovcmais.com\/index.php\/wp-json\/wp\/v2\/product\/4139\/revisions"}],"predecessor-version":[{"id":4417,"href":"https:\/\/espacovcmais.com\/index.php\/wp-json\/wp\/v2\/product\/4139\/revisions\/4417"}],"wp:featuredmedia":[{"embeddable":true,"href":"https:\/\/espacovcmais.com\/index.php\/wp-json\/wp\/v2\/media\/4397"}],"wp:attachment":[{"href":"https:\/\/espacovcmais.com\/index.php\/wp-json\/wp\/v2\/media?parent=4139"}],"wp:term":[{"taxonomy":"product_brand","embeddable":true,"href":"https:\/\/espacovcmais.com\/index.php\/wp-json\/wp\/v2\/product_brand?post=4139"},{"taxonomy":"product_cat","embeddable":true,"href":"https:\/\/espacovcmais.com\/index.php\/wp-json\/wp\/v2\/product_cat?post=4139"},{"taxonomy":"product_tag","embeddable":true,"href":"https:\/\/espacovcmais.com\/index.php\/wp-json\/wp\/v2\/product_tag?post=4139"}],"curies":[{"name":"wp","href":"https:\/\/api.w.org\/{rel}","templated":true}]}}