{"id":4138,"date":"2025-08-20T15:31:40","date_gmt":"2025-08-20T18:31:40","guid":{"rendered":"https:\/\/espacovcmais.com\/index.php\/product\/cabine-portatil-wy-08-34-leds-288w\/"},"modified":"2025-09-09T23:51:11","modified_gmt":"2025-09-10T02:51:11","slug":"cabine-portatil-wy-08-34-leds-288w","status":"publish","type":"product","link":"https:\/\/espacovcmais.com\/index.php\/product\/cabine-portatil-wy-08-34-leds-288w\/","title":{"rendered":"Cabine Port\u00e1til WY-08 34 Leds 288w"},"content":{"rendered":"<p>Cabine em formato de<br \/>\nCabine Port\u00e1til WY-08 34 Leds 288w,CAB-WY08-34LED-288W,249.90,Cabine LED UV port\u00e1til em formato de cora\u00e7\u00e3o<\/p>\n","protected":false},"excerpt":{"rendered":"<p>com 288W de pot\u00eancia e 42 LEDs. Recarreg\u00e1vel e ideal para uso profissional ou dom\u00e9stico.&#8221;<\/p>\n","protected":false},"featured_media":4398,"comment_status":"open","ping_status":"closed","template":"","meta":[],"product_brand":[],"product_cat":[251],"product_tag":[267,269,266],"class_list":{"0":"post-4138","1":"product","2":"type-product","3":"status-publish","4":"has-post-thumbnail","6":"product_cat-maquinarios","7":"product_tag-cabine","8":"product_tag-led-uv","9":"product_tag-portatil","11":"first","12":"instock","13":"featured","14":"taxable","15":"shipping-taxable","16":"purchasable","17":"product-type-simple"},"_links":{"self":[{"href":"https:\/\/espacovcmais.com\/index.php\/wp-json\/wp\/v2\/product\/4138","targetHints":{"allow":["GET"]}}],"collection":[{"href":"https:\/\/espacovcmais.com\/index.php\/wp-json\/wp\/v2\/product"}],"about":[{"href":"https:\/\/espacovcmais.com\/index.php\/wp-json\/wp\/v2\/types\/product"}],"replies":[{"embeddable":true,"href":"https:\/\/espacovcmais.com\/index.php\/wp-json\/wp\/v2\/comments?post=4138"}],"version-history":[{"count":1,"href":"https:\/\/espacovcmais.com\/index.php\/wp-json\/wp\/v2\/product\/4138\/revisions"}],"predecessor-version":[{"id":4418,"href":"https:\/\/espacovcmais.com\/index.php\/wp-json\/wp\/v2\/product\/4138\/revisions\/4418"}],"wp:featuredmedia":[{"embeddable":true,"href":"https:\/\/espacovcmais.com\/index.php\/wp-json\/wp\/v2\/media\/4398"}],"wp:attachment":[{"href":"https:\/\/espacovcmais.com\/index.php\/wp-json\/wp\/v2\/media?parent=4138"}],"wp:term":[{"taxonomy":"product_brand","embeddable":true,"href":"https:\/\/espacovcmais.com\/index.php\/wp-json\/wp\/v2\/product_brand?post=4138"},{"taxonomy":"product_cat","embeddable":true,"href":"https:\/\/espacovcmais.com\/index.php\/wp-json\/wp\/v2\/product_cat?post=4138"},{"taxonomy":"product_tag","embeddable":true,"href":"https:\/\/espacovcmais.com\/index.php\/wp-json\/wp\/v2\/product_tag?post=4138"}],"curies":[{"name":"wp","href":"https:\/\/api.w.org\/{rel}","templated":true}]}}