{"id":4137,"date":"2025-08-20T15:31:40","date_gmt":"2025-08-20T18:31:40","guid":{"rendered":"https:\/\/espacovcmais.com\/index.php\/product\/cabine-portatil-sun-s80-36-leds-108w-branco-rosa\/"},"modified":"2025-10-15T22:20:24","modified_gmt":"2025-10-16T01:20:24","slug":"cabine-portatil-sun-s80-36-leds-108w-branco-rosa","status":"publish","type":"product","link":"https:\/\/espacovcmais.com\/index.php\/product\/cabine-portatil-sun-s80-36-leds-108w-branco-rosa\/","title":{"rendered":"Cabine Port\u00e1til Sun S80 36 Leds 108w Branco\/Rosa"},"content":{"rendered":"<p>Cabine port\u00e1til com sensor infravermelho, temporizador e 108W de pot\u00eancia. Ideal para uso m\u00f3vel.<\/p>\n","protected":false},"excerpt":{"rendered":"<p>Cabine Port\u00e1til Sun S80.<\/p>\n","protected":false},"featured_media":4600,"comment_status":"open","ping_status":"closed","template":"","meta":[],"product_brand":[],"product_cat":[251],"product_tag":[267,266,280],"class_list":{"0":"post-4137","1":"product","2":"type-product","3":"status-publish","4":"has-post-thumbnail","6":"product_cat-maquinarios","7":"product_tag-cabine","8":"product_tag-portatil","9":"product_tag-sun-s80","11":"first","12":"instock","13":"taxable","14":"shipping-taxable","15":"purchasable","16":"product-type-simple"},"_links":{"self":[{"href":"https:\/\/espacovcmais.com\/index.php\/wp-json\/wp\/v2\/product\/4137","targetHints":{"allow":["GET"]}}],"collection":[{"href":"https:\/\/espacovcmais.com\/index.php\/wp-json\/wp\/v2\/product"}],"about":[{"href":"https:\/\/espacovcmais.com\/index.php\/wp-json\/wp\/v2\/types\/product"}],"replies":[{"embeddable":true,"href":"https:\/\/espacovcmais.com\/index.php\/wp-json\/wp\/v2\/comments?post=4137"}],"version-history":[{"count":0,"href":"https:\/\/espacovcmais.com\/index.php\/wp-json\/wp\/v2\/product\/4137\/revisions"}],"wp:featuredmedia":[{"embeddable":true,"href":"https:\/\/espacovcmais.com\/index.php\/wp-json\/wp\/v2\/media\/4600"}],"wp:attachment":[{"href":"https:\/\/espacovcmais.com\/index.php\/wp-json\/wp\/v2\/media?parent=4137"}],"wp:term":[{"taxonomy":"product_brand","embeddable":true,"href":"https:\/\/espacovcmais.com\/index.php\/wp-json\/wp\/v2\/product_brand?post=4137"},{"taxonomy":"product_cat","embeddable":true,"href":"https:\/\/espacovcmais.com\/index.php\/wp-json\/wp\/v2\/product_cat?post=4137"},{"taxonomy":"product_tag","embeddable":true,"href":"https:\/\/espacovcmais.com\/index.php\/wp-json\/wp\/v2\/product_tag?post=4137"}],"curies":[{"name":"wp","href":"https:\/\/api.w.org\/{rel}","templated":true}]}}