{"id":4133,"date":"2025-08-20T15:31:40","date_gmt":"2025-08-20T18:31:40","guid":{"rendered":"https:\/\/espacovcmais.com\/index.php\/product\/cabine-sun-g16-45-leds-268w-branco-rosa\/"},"modified":"2025-10-15T22:20:12","modified_gmt":"2025-10-16T01:20:12","slug":"cabine-sun-g16-45-leds-268w-branco-rosa","status":"publish","type":"product","link":"https:\/\/espacovcmais.com\/index.php\/product\/cabine-sun-g16-45-leds-268w-branco-rosa\/","title":{"rendered":"Cabine Sun G16 45 Leds 268w Branco\/Rosa"},"content":{"rendered":"<p>Cabine LED\/UV com 268W de pot\u00eancia, temporizador e sensor inteligente. Espa\u00e7osa para m\u00e3os e p\u00e9s.<\/p>\n","protected":false},"excerpt":{"rendered":"<p>Cabine Sun G16.<\/p>\n","protected":false},"featured_media":4604,"comment_status":"open","ping_status":"closed","template":"","meta":[],"product_brand":[],"product_cat":[251],"product_tag":[267,269,276],"class_list":{"0":"post-4133","1":"product","2":"type-product","3":"status-publish","4":"has-post-thumbnail","6":"product_cat-maquinarios","7":"product_tag-cabine","8":"product_tag-led-uv","9":"product_tag-sun-g16","11":"first","12":"instock","13":"taxable","14":"shipping-taxable","15":"purchasable","16":"product-type-simple"},"_links":{"self":[{"href":"https:\/\/espacovcmais.com\/index.php\/wp-json\/wp\/v2\/product\/4133","targetHints":{"allow":["GET"]}}],"collection":[{"href":"https:\/\/espacovcmais.com\/index.php\/wp-json\/wp\/v2\/product"}],"about":[{"href":"https:\/\/espacovcmais.com\/index.php\/wp-json\/wp\/v2\/types\/product"}],"replies":[{"embeddable":true,"href":"https:\/\/espacovcmais.com\/index.php\/wp-json\/wp\/v2\/comments?post=4133"}],"version-history":[{"count":0,"href":"https:\/\/espacovcmais.com\/index.php\/wp-json\/wp\/v2\/product\/4133\/revisions"}],"wp:featuredmedia":[{"embeddable":true,"href":"https:\/\/espacovcmais.com\/index.php\/wp-json\/wp\/v2\/media\/4604"}],"wp:attachment":[{"href":"https:\/\/espacovcmais.com\/index.php\/wp-json\/wp\/v2\/media?parent=4133"}],"wp:term":[{"taxonomy":"product_brand","embeddable":true,"href":"https:\/\/espacovcmais.com\/index.php\/wp-json\/wp\/v2\/product_brand?post=4133"},{"taxonomy":"product_cat","embeddable":true,"href":"https:\/\/espacovcmais.com\/index.php\/wp-json\/wp\/v2\/product_cat?post=4133"},{"taxonomy":"product_tag","embeddable":true,"href":"https:\/\/espacovcmais.com\/index.php\/wp-json\/wp\/v2\/product_tag?post=4133"}],"curies":[{"name":"wp","href":"https:\/\/api.w.org\/{rel}","templated":true}]}}