{"id":4121,"date":"2025-08-20T15:31:39","date_gmt":"2025-08-20T18:31:39","guid":{"rendered":"https:\/\/espacovcmais.com\/index.php\/product\/motor-strong-210-40-000-rpm-bivolt\/"},"modified":"2025-10-15T22:19:50","modified_gmt":"2025-10-16T01:19:50","slug":"motor-strong-210-40-000-rpm-bivolt","status":"publish","type":"product","link":"https:\/\/espacovcmais.com\/index.php\/product\/motor-strong-210-40-000-rpm-bivolt\/","title":{"rendered":"Motor Strong 210 40.000 RPM Bivolt"},"content":{"rendered":"<p>Motor profissional para acabamento e polimento com rota\u00e7\u00e3o de 40.000 RPM. Baixa vibra\u00e7\u00e3o, pedal incluso e design compacto.<\/p>\n","protected":false},"excerpt":{"rendered":"<p>Motor Strong 210 Profissional.<\/p>\n","protected":false},"featured_media":4614,"comment_status":"open","ping_status":"closed","template":"","meta":[],"product_brand":[],"product_cat":[251],"product_tag":[254,252,257],"class_list":{"0":"post-4121","1":"product","2":"type-product","3":"status-publish","4":"has-post-thumbnail","6":"product_cat-maquinarios","7":"product_tag-lixadeira","8":"product_tag-motor","9":"product_tag-strong","11":"first","12":"instock","13":"taxable","14":"shipping-taxable","15":"purchasable","16":"product-type-simple"},"_links":{"self":[{"href":"https:\/\/espacovcmais.com\/index.php\/wp-json\/wp\/v2\/product\/4121","targetHints":{"allow":["GET"]}}],"collection":[{"href":"https:\/\/espacovcmais.com\/index.php\/wp-json\/wp\/v2\/product"}],"about":[{"href":"https:\/\/espacovcmais.com\/index.php\/wp-json\/wp\/v2\/types\/product"}],"replies":[{"embeddable":true,"href":"https:\/\/espacovcmais.com\/index.php\/wp-json\/wp\/v2\/comments?post=4121"}],"version-history":[{"count":0,"href":"https:\/\/espacovcmais.com\/index.php\/wp-json\/wp\/v2\/product\/4121\/revisions"}],"wp:featuredmedia":[{"embeddable":true,"href":"https:\/\/espacovcmais.com\/index.php\/wp-json\/wp\/v2\/media\/4614"}],"wp:attachment":[{"href":"https:\/\/espacovcmais.com\/index.php\/wp-json\/wp\/v2\/media?parent=4121"}],"wp:term":[{"taxonomy":"product_brand","embeddable":true,"href":"https:\/\/espacovcmais.com\/index.php\/wp-json\/wp\/v2\/product_brand?post=4121"},{"taxonomy":"product_cat","embeddable":true,"href":"https:\/\/espacovcmais.com\/index.php\/wp-json\/wp\/v2\/product_cat?post=4121"},{"taxonomy":"product_tag","embeddable":true,"href":"https:\/\/espacovcmais.com\/index.php\/wp-json\/wp\/v2\/product_tag?post=4121"}],"curies":[{"name":"wp","href":"https:\/\/api.w.org\/{rel}","templated":true}]}}