{"id":4120,"date":"2025-08-20T15:31:39","date_gmt":"2025-08-20T18:31:39","guid":{"rendered":"https:\/\/espacovcmais.com\/index.php\/product\/motor-sml-35-000-rpm-bivolt\/"},"modified":"2026-01-21T12:58:35","modified_gmt":"2026-01-21T15:58:35","slug":"motor-sml-35-000-rpm-bivolt","status":"publish","type":"product","link":"https:\/\/espacovcmais.com\/index.php\/product\/motor-sml-35-000-rpm-bivolt\/","title":{"rendered":"Motor SML 35.000 RPM Bivolt"},"content":{"rendered":"<p>Motor com bot\u00e3o de controle de velocidade, pedal, cabo de alimenta\u00e7\u00e3o e seletor de tens\u00e3o. Pot\u00eancia de 35.000 RPM.<\/p>\n","protected":false},"excerpt":{"rendered":"<p>Motor SML Profissional 35.000 RPM.<\/p>\n","protected":false},"featured_media":4949,"comment_status":"open","ping_status":"closed","template":"","meta":[],"product_brand":[],"product_cat":[251],"product_tag":[254,252,256],"class_list":{"0":"post-4120","1":"product","2":"type-product","3":"status-publish","4":"has-post-thumbnail","6":"product_cat-maquinarios","7":"product_tag-lixadeira","8":"product_tag-motor","9":"product_tag-sml","11":"first","12":"instock","13":"taxable","14":"shipping-taxable","15":"purchasable","16":"product-type-simple"},"_links":{"self":[{"href":"https:\/\/espacovcmais.com\/index.php\/wp-json\/wp\/v2\/product\/4120","targetHints":{"allow":["GET"]}}],"collection":[{"href":"https:\/\/espacovcmais.com\/index.php\/wp-json\/wp\/v2\/product"}],"about":[{"href":"https:\/\/espacovcmais.com\/index.php\/wp-json\/wp\/v2\/types\/product"}],"replies":[{"embeddable":true,"href":"https:\/\/espacovcmais.com\/index.php\/wp-json\/wp\/v2\/comments?post=4120"}],"version-history":[{"count":1,"href":"https:\/\/espacovcmais.com\/index.php\/wp-json\/wp\/v2\/product\/4120\/revisions"}],"predecessor-version":[{"id":4950,"href":"https:\/\/espacovcmais.com\/index.php\/wp-json\/wp\/v2\/product\/4120\/revisions\/4950"}],"wp:featuredmedia":[{"embeddable":true,"href":"https:\/\/espacovcmais.com\/index.php\/wp-json\/wp\/v2\/media\/4949"}],"wp:attachment":[{"href":"https:\/\/espacovcmais.com\/index.php\/wp-json\/wp\/v2\/media?parent=4120"}],"wp:term":[{"taxonomy":"product_brand","embeddable":true,"href":"https:\/\/espacovcmais.com\/index.php\/wp-json\/wp\/v2\/product_brand?post=4120"},{"taxonomy":"product_cat","embeddable":true,"href":"https:\/\/espacovcmais.com\/index.php\/wp-json\/wp\/v2\/product_cat?post=4120"},{"taxonomy":"product_tag","embeddable":true,"href":"https:\/\/espacovcmais.com\/index.php\/wp-json\/wp\/v2\/product_tag?post=4120"}],"curies":[{"name":"wp","href":"https:\/\/api.w.org\/{rel}","templated":true}]}}