{"id":4119,"date":"2025-08-20T15:31:39","date_gmt":"2025-08-20T18:31:39","guid":{"rendered":"https:\/\/espacovcmais.com\/index.php\/product\/motor-porquinho-visor-35-000-rpm-bivolt-rosa\/"},"modified":"2025-10-15T22:19:50","modified_gmt":"2025-10-16T01:19:50","slug":"motor-porquinho-visor-35-000-rpm-bivolt-rosa","status":"publish","type":"product","link":"https:\/\/espacovcmais.com\/index.php\/product\/motor-porquinho-visor-35-000-rpm-bivolt-rosa\/","title":{"rendered":"Motor Porquinho Visor 35.000 RPM Bivolt Rosa"},"content":{"rendered":"<p>Motor com visor digital, pedal, suporte, brocas e lixas inclusas. Ideal para polimentos e podologia. Baixo ru\u00eddo e vibra\u00e7\u00e3o.<\/p>\n","protected":false},"excerpt":{"rendered":"<p>Motor Porquinho com visor e acess\u00f3rios.<\/p>\n","protected":false},"featured_media":4616,"comment_status":"open","ping_status":"closed","template":"","meta":[],"product_brand":[],"product_cat":[251],"product_tag":[252,253,255],"class_list":{"0":"post-4119","1":"product","2":"type-product","3":"status-publish","4":"has-post-thumbnail","6":"product_cat-maquinarios","7":"product_tag-motor","8":"product_tag-porquinho","9":"product_tag-visor","11":"first","12":"instock","13":"taxable","14":"shipping-taxable","15":"purchasable","16":"product-type-simple"},"_links":{"self":[{"href":"https:\/\/espacovcmais.com\/index.php\/wp-json\/wp\/v2\/product\/4119","targetHints":{"allow":["GET"]}}],"collection":[{"href":"https:\/\/espacovcmais.com\/index.php\/wp-json\/wp\/v2\/product"}],"about":[{"href":"https:\/\/espacovcmais.com\/index.php\/wp-json\/wp\/v2\/types\/product"}],"replies":[{"embeddable":true,"href":"https:\/\/espacovcmais.com\/index.php\/wp-json\/wp\/v2\/comments?post=4119"}],"version-history":[{"count":0,"href":"https:\/\/espacovcmais.com\/index.php\/wp-json\/wp\/v2\/product\/4119\/revisions"}],"wp:featuredmedia":[{"embeddable":true,"href":"https:\/\/espacovcmais.com\/index.php\/wp-json\/wp\/v2\/media\/4616"}],"wp:attachment":[{"href":"https:\/\/espacovcmais.com\/index.php\/wp-json\/wp\/v2\/media?parent=4119"}],"wp:term":[{"taxonomy":"product_brand","embeddable":true,"href":"https:\/\/espacovcmais.com\/index.php\/wp-json\/wp\/v2\/product_brand?post=4119"},{"taxonomy":"product_cat","embeddable":true,"href":"https:\/\/espacovcmais.com\/index.php\/wp-json\/wp\/v2\/product_cat?post=4119"},{"taxonomy":"product_tag","embeddable":true,"href":"https:\/\/espacovcmais.com\/index.php\/wp-json\/wp\/v2\/product_tag?post=4119"}],"curies":[{"name":"wp","href":"https:\/\/api.w.org\/{rel}","templated":true}]}}