{"id":4116,"date":"2025-08-20T15:31:39","date_gmt":"2025-08-20T18:31:39","guid":{"rendered":"https:\/\/espacovcmais.com\/index.php\/product\/motor-porquinho-35-000-rpm-bivolt-branco\/"},"modified":"2025-10-15T22:22:25","modified_gmt":"2025-10-16T01:22:25","slug":"motor-porquinho-35-000-rpm-bivolt-branco","status":"publish","type":"product","link":"https:\/\/espacovcmais.com\/index.php\/product\/motor-porquinho-35-000-rpm-bivolt-branco\/","title":{"rendered":"Motor Porquinho 35.000 RPM Bivolt Branco"},"content":{"rendered":"<p>Motor Lixadeira Nail Drill Profissional com rota\u00e7\u00e3o de at\u00e9 35.000 RPM, baixo ru\u00eddo, pedal opcional e bot\u00e3o de revers\u00e3o. Ideal para polimentos, cutilagem e podologia.<\/p>\n","protected":false},"excerpt":{"rendered":"<p>Motor Porquinho 35.000 RPM Profissional.<\/p>\n","protected":false},"featured_media":4619,"comment_status":"open","ping_status":"closed","template":"","meta":[],"product_brand":[],"product_cat":[251],"product_tag":[254,252,253],"class_list":{"0":"post-4116","1":"product","2":"type-product","3":"status-publish","4":"has-post-thumbnail","6":"product_cat-maquinarios","7":"product_tag-lixadeira","8":"product_tag-motor","9":"product_tag-porquinho","11":"first","12":"instock","13":"taxable","14":"shipping-taxable","15":"purchasable","16":"product-type-simple"},"_links":{"self":[{"href":"https:\/\/espacovcmais.com\/index.php\/wp-json\/wp\/v2\/product\/4116","targetHints":{"allow":["GET"]}}],"collection":[{"href":"https:\/\/espacovcmais.com\/index.php\/wp-json\/wp\/v2\/product"}],"about":[{"href":"https:\/\/espacovcmais.com\/index.php\/wp-json\/wp\/v2\/types\/product"}],"replies":[{"embeddable":true,"href":"https:\/\/espacovcmais.com\/index.php\/wp-json\/wp\/v2\/comments?post=4116"}],"version-history":[{"count":0,"href":"https:\/\/espacovcmais.com\/index.php\/wp-json\/wp\/v2\/product\/4116\/revisions"}],"wp:featuredmedia":[{"embeddable":true,"href":"https:\/\/espacovcmais.com\/index.php\/wp-json\/wp\/v2\/media\/4619"}],"wp:attachment":[{"href":"https:\/\/espacovcmais.com\/index.php\/wp-json\/wp\/v2\/media?parent=4116"}],"wp:term":[{"taxonomy":"product_brand","embeddable":true,"href":"https:\/\/espacovcmais.com\/index.php\/wp-json\/wp\/v2\/product_brand?post=4116"},{"taxonomy":"product_cat","embeddable":true,"href":"https:\/\/espacovcmais.com\/index.php\/wp-json\/wp\/v2\/product_cat?post=4116"},{"taxonomy":"product_tag","embeddable":true,"href":"https:\/\/espacovcmais.com\/index.php\/wp-json\/wp\/v2\/product_tag?post=4116"}],"curies":[{"name":"wp","href":"https:\/\/api.w.org\/{rel}","templated":true}]}}