{"id":4109,"date":"2025-08-20T13:42:24","date_gmt":"2025-08-20T16:42:24","guid":{"rendered":"https:\/\/espacovcmais.com\/index.php\/product\/tips-de-gel-bailarina-120un-2\/"},"modified":"2025-10-16T04:52:13","modified_gmt":"2025-10-16T07:52:13","slug":"tips-de-gel-bailarina-120un-2","status":"publish","type":"product","link":"https:\/\/espacovcmais.com\/index.php\/product\/tips-de-gel-bailarina-120un-2\/","title":{"rendered":"Tips de Gel Bailarina 120un"},"content":{"rendered":"<p>Tip de gel no formato bailarina com encaixe acr\u00edlico. Ideal para alongamentos r\u00e1pidos e pr\u00e1ticos.<\/p>\n","protected":false},"excerpt":{"rendered":"<p>Tip bailarina para extens\u00e3o de unhas.<\/p>\n","protected":false},"featured_media":4625,"comment_status":"open","ping_status":"closed","template":"","meta":[],"product_brand":[],"product_cat":[112],"product_tag":[186,244,243],"class_list":{"0":"post-4109","1":"product","2":"type-product","3":"status-publish","4":"has-post-thumbnail","6":"product_cat-bluwe","7":"product_tag-bailarina","8":"product_tag-extensao","9":"product_tag-tip-de-gel","11":"first","12":"instock","13":"taxable","14":"shipping-taxable","15":"purchasable","16":"product-type-simple"},"_links":{"self":[{"href":"https:\/\/espacovcmais.com\/index.php\/wp-json\/wp\/v2\/product\/4109","targetHints":{"allow":["GET"]}}],"collection":[{"href":"https:\/\/espacovcmais.com\/index.php\/wp-json\/wp\/v2\/product"}],"about":[{"href":"https:\/\/espacovcmais.com\/index.php\/wp-json\/wp\/v2\/types\/product"}],"replies":[{"embeddable":true,"href":"https:\/\/espacovcmais.com\/index.php\/wp-json\/wp\/v2\/comments?post=4109"}],"version-history":[{"count":0,"href":"https:\/\/espacovcmais.com\/index.php\/wp-json\/wp\/v2\/product\/4109\/revisions"}],"wp:featuredmedia":[{"embeddable":true,"href":"https:\/\/espacovcmais.com\/index.php\/wp-json\/wp\/v2\/media\/4625"}],"wp:attachment":[{"href":"https:\/\/espacovcmais.com\/index.php\/wp-json\/wp\/v2\/media?parent=4109"}],"wp:term":[{"taxonomy":"product_brand","embeddable":true,"href":"https:\/\/espacovcmais.com\/index.php\/wp-json\/wp\/v2\/product_brand?post=4109"},{"taxonomy":"product_cat","embeddable":true,"href":"https:\/\/espacovcmais.com\/index.php\/wp-json\/wp\/v2\/product_cat?post=4109"},{"taxonomy":"product_tag","embeddable":true,"href":"https:\/\/espacovcmais.com\/index.php\/wp-json\/wp\/v2\/product_tag?post=4109"}],"curies":[{"name":"wp","href":"https:\/\/api.w.org\/{rel}","templated":true}]}}