{"id":4099,"date":"2025-08-20T13:42:24","date_gmt":"2025-08-20T16:42:24","guid":{"rendered":"https:\/\/espacovcmais.com\/index.php\/product\/gel-capa-base-natural-pink-flex-28g\/"},"modified":"2025-10-16T04:59:57","modified_gmt":"2025-10-16T07:59:57","slug":"gel-capa-base-natural-pink-flex-28g","status":"publish","type":"product","link":"https:\/\/espacovcmais.com\/index.php\/product\/gel-capa-base-natural-pink-flex-28g\/","title":{"rendered":"Gel Capa Base Natural Pink Flex 28g"},"content":{"rendered":"<p>Gel base flex\u00edvel com subtom rosado. Alta ader\u00eancia e resist\u00eancia para blindagens e esmalta\u00e7\u00e3o.<\/p>\n","protected":false},"excerpt":{"rendered":"<p>Base flex\u00edvel Natural Pink para blindagem.<\/p>\n","protected":false},"featured_media":4634,"comment_status":"open","ping_status":"closed","template":"","meta":[],"product_brand":[],"product_cat":[112],"product_tag":[206,149,204],"class_list":{"0":"post-4099","1":"product","2":"type-product","3":"status-publish","4":"has-post-thumbnail","6":"product_cat-bluwe","7":"product_tag-flex","8":"product_tag-gel-base","9":"product_tag-natural-pink","11":"first","12":"instock","13":"taxable","14":"shipping-taxable","15":"purchasable","16":"product-type-simple"},"_links":{"self":[{"href":"https:\/\/espacovcmais.com\/index.php\/wp-json\/wp\/v2\/product\/4099","targetHints":{"allow":["GET"]}}],"collection":[{"href":"https:\/\/espacovcmais.com\/index.php\/wp-json\/wp\/v2\/product"}],"about":[{"href":"https:\/\/espacovcmais.com\/index.php\/wp-json\/wp\/v2\/types\/product"}],"replies":[{"embeddable":true,"href":"https:\/\/espacovcmais.com\/index.php\/wp-json\/wp\/v2\/comments?post=4099"}],"version-history":[{"count":0,"href":"https:\/\/espacovcmais.com\/index.php\/wp-json\/wp\/v2\/product\/4099\/revisions"}],"wp:featuredmedia":[{"embeddable":true,"href":"https:\/\/espacovcmais.com\/index.php\/wp-json\/wp\/v2\/media\/4634"}],"wp:attachment":[{"href":"https:\/\/espacovcmais.com\/index.php\/wp-json\/wp\/v2\/media?parent=4099"}],"wp:term":[{"taxonomy":"product_brand","embeddable":true,"href":"https:\/\/espacovcmais.com\/index.php\/wp-json\/wp\/v2\/product_brand?post=4099"},{"taxonomy":"product_cat","embeddable":true,"href":"https:\/\/espacovcmais.com\/index.php\/wp-json\/wp\/v2\/product_cat?post=4099"},{"taxonomy":"product_tag","embeddable":true,"href":"https:\/\/espacovcmais.com\/index.php\/wp-json\/wp\/v2\/product_tag?post=4099"}],"curies":[{"name":"wp","href":"https:\/\/api.w.org\/{rel}","templated":true}]}}