{"id":4090,"date":"2025-08-20T13:42:22","date_gmt":"2025-08-20T16:42:22","guid":{"rendered":"https:\/\/espacovcmais.com\/index.php\/product\/gel-construtor-querido-pink-30g\/"},"modified":"2025-10-16T04:59:50","modified_gmt":"2025-10-16T07:59:50","slug":"gel-construtor-querido-pink-30g","status":"publish","type":"product","link":"https:\/\/espacovcmais.com\/index.php\/product\/gel-construtor-querido-pink-30g\/","title":{"rendered":"Gel Construtor Querido Pink 30g"},"content":{"rendered":"<p>Gel construtor rosa intenso com subtom frio. Alta resist\u00eancia, durabilidade e curvatura smart.<\/p>\n","protected":false},"excerpt":{"rendered":"<p>Gel pink para<br \/>\nGel Construtor Querido Pink 30g,BLU-GEL-QUERIDOPINK-30G,99.90,Gel construtor rosa intenso com subtom frio. Alta resist\u00eancia, durabilidade e curvatura smart. Gel pink para constru\u00e7\u00e3o de unhas.<\/p>\n","protected":false},"featured_media":4643,"comment_status":"open","ping_status":"closed","template":"","meta":[],"product_brand":[],"product_cat":[112],"product_tag":[216,215,205],"class_list":{"0":"post-4090","1":"product","2":"type-product","3":"status-publish","4":"has-post-thumbnail","6":"product_cat-bluwe","7":"product_tag-estrutura","8":"product_tag-gel-construtor","9":"product_tag-querido-pink","11":"first","12":"instock","13":"taxable","14":"shipping-taxable","15":"purchasable","16":"product-type-simple"},"_links":{"self":[{"href":"https:\/\/espacovcmais.com\/index.php\/wp-json\/wp\/v2\/product\/4090","targetHints":{"allow":["GET"]}}],"collection":[{"href":"https:\/\/espacovcmais.com\/index.php\/wp-json\/wp\/v2\/product"}],"about":[{"href":"https:\/\/espacovcmais.com\/index.php\/wp-json\/wp\/v2\/types\/product"}],"replies":[{"embeddable":true,"href":"https:\/\/espacovcmais.com\/index.php\/wp-json\/wp\/v2\/comments?post=4090"}],"version-history":[{"count":0,"href":"https:\/\/espacovcmais.com\/index.php\/wp-json\/wp\/v2\/product\/4090\/revisions"}],"wp:featuredmedia":[{"embeddable":true,"href":"https:\/\/espacovcmais.com\/index.php\/wp-json\/wp\/v2\/media\/4643"}],"wp:attachment":[{"href":"https:\/\/espacovcmais.com\/index.php\/wp-json\/wp\/v2\/media?parent=4090"}],"wp:term":[{"taxonomy":"product_brand","embeddable":true,"href":"https:\/\/espacovcmais.com\/index.php\/wp-json\/wp\/v2\/product_brand?post=4090"},{"taxonomy":"product_cat","embeddable":true,"href":"https:\/\/espacovcmais.com\/index.php\/wp-json\/wp\/v2\/product_cat?post=4090"},{"taxonomy":"product_tag","embeddable":true,"href":"https:\/\/espacovcmais.com\/index.php\/wp-json\/wp\/v2\/product_tag?post=4090"}],"curies":[{"name":"wp","href":"https:\/\/api.w.org\/{rel}","templated":true}]}}