{"id":4074,"date":"2025-08-20T13:42:21","date_gmt":"2025-08-20T16:42:21","guid":{"rendered":"https:\/\/espacovcmais.com\/index.php\/product\/capa-base-natural-pink-flex-11ml\/"},"modified":"2025-10-16T04:59:35","modified_gmt":"2025-10-16T07:59:35","slug":"capa-base-natural-pink-flex-11ml","status":"publish","type":"product","link":"https:\/\/espacovcmais.com\/index.php\/product\/capa-base-natural-pink-flex-11ml\/","title":{"rendered":"Capa Base Natural Pink Flex 11ml"},"content":{"rendered":"<p>Gel base flex\u00edvel com subtom rosado. Alta ader\u00eancia e resist\u00eancia para blindagens e esmalta\u00e7\u00e3o em gel.<\/p>\n","protected":false},"excerpt":{"rendered":"<p>Base flex\u00edvel Natural Pink para blindagem.<\/p>\n","protected":false},"featured_media":4659,"comment_status":"open","ping_status":"closed","template":"","meta":[],"product_brand":[],"product_cat":[112],"product_tag":[206,149,204],"class_list":{"0":"post-4074","1":"product","2":"type-product","3":"status-publish","4":"has-post-thumbnail","6":"product_cat-bluwe","7":"product_tag-flex","8":"product_tag-gel-base","9":"product_tag-natural-pink","11":"first","12":"instock","13":"taxable","14":"shipping-taxable","15":"purchasable","16":"product-type-simple"},"_links":{"self":[{"href":"https:\/\/espacovcmais.com\/index.php\/wp-json\/wp\/v2\/product\/4074","targetHints":{"allow":["GET"]}}],"collection":[{"href":"https:\/\/espacovcmais.com\/index.php\/wp-json\/wp\/v2\/product"}],"about":[{"href":"https:\/\/espacovcmais.com\/index.php\/wp-json\/wp\/v2\/types\/product"}],"replies":[{"embeddable":true,"href":"https:\/\/espacovcmais.com\/index.php\/wp-json\/wp\/v2\/comments?post=4074"}],"version-history":[{"count":0,"href":"https:\/\/espacovcmais.com\/index.php\/wp-json\/wp\/v2\/product\/4074\/revisions"}],"wp:featuredmedia":[{"embeddable":true,"href":"https:\/\/espacovcmais.com\/index.php\/wp-json\/wp\/v2\/media\/4659"}],"wp:attachment":[{"href":"https:\/\/espacovcmais.com\/index.php\/wp-json\/wp\/v2\/media?parent=4074"}],"wp:term":[{"taxonomy":"product_brand","embeddable":true,"href":"https:\/\/espacovcmais.com\/index.php\/wp-json\/wp\/v2\/product_brand?post=4074"},{"taxonomy":"product_cat","embeddable":true,"href":"https:\/\/espacovcmais.com\/index.php\/wp-json\/wp\/v2\/product_cat?post=4074"},{"taxonomy":"product_tag","embeddable":true,"href":"https:\/\/espacovcmais.com\/index.php\/wp-json\/wp\/v2\/product_tag?post=4074"}],"curies":[{"name":"wp","href":"https:\/\/api.w.org\/{rel}","templated":true}]}}