{"id":4068,"date":"2025-08-20T13:42:21","date_gmt":"2025-08-20T16:42:21","guid":{"rendered":"https:\/\/espacovcmais.com\/index.php\/product\/step-2-adesivador-11ml\/"},"modified":"2025-10-16T05:02:49","modified_gmt":"2025-10-16T08:02:49","slug":"step-2-adesivador-11ml","status":"publish","type":"product","link":"https:\/\/espacovcmais.com\/index.php\/product\/step-2-adesivador-11ml\/","title":{"rendered":"Step 2 Adesivador 11ml"},"content":{"rendered":"<p>Adesivador com f\u00f3rmula inovadora que funciona como fita dupla face, promovendo m\u00e1xima ader\u00eancia entre a unha natural e os produtos.<\/p>\n","protected":false},"excerpt":{"rendered":"<p>Adesivador para prepara\u00e7\u00e3o qu\u00edmica da unha.<\/p>\n","protected":false},"featured_media":4666,"comment_status":"open","ping_status":"closed","template":"","meta":[],"product_brand":[],"product_cat":[112],"product_tag":[150,201,200],"class_list":{"0":"post-4068","1":"product","2":"type-product","3":"status-publish","4":"has-post-thumbnail","6":"product_cat-bluwe","7":"product_tag-adesao","8":"product_tag-adesivador","9":"product_tag-preparacao","11":"first","12":"instock","13":"taxable","14":"shipping-taxable","15":"purchasable","16":"product-type-simple"},"_links":{"self":[{"href":"https:\/\/espacovcmais.com\/index.php\/wp-json\/wp\/v2\/product\/4068","targetHints":{"allow":["GET"]}}],"collection":[{"href":"https:\/\/espacovcmais.com\/index.php\/wp-json\/wp\/v2\/product"}],"about":[{"href":"https:\/\/espacovcmais.com\/index.php\/wp-json\/wp\/v2\/types\/product"}],"replies":[{"embeddable":true,"href":"https:\/\/espacovcmais.com\/index.php\/wp-json\/wp\/v2\/comments?post=4068"}],"version-history":[{"count":0,"href":"https:\/\/espacovcmais.com\/index.php\/wp-json\/wp\/v2\/product\/4068\/revisions"}],"wp:featuredmedia":[{"embeddable":true,"href":"https:\/\/espacovcmais.com\/index.php\/wp-json\/wp\/v2\/media\/4666"}],"wp:attachment":[{"href":"https:\/\/espacovcmais.com\/index.php\/wp-json\/wp\/v2\/media?parent=4068"}],"wp:term":[{"taxonomy":"product_brand","embeddable":true,"href":"https:\/\/espacovcmais.com\/index.php\/wp-json\/wp\/v2\/product_brand?post=4068"},{"taxonomy":"product_cat","embeddable":true,"href":"https:\/\/espacovcmais.com\/index.php\/wp-json\/wp\/v2\/product_cat?post=4068"},{"taxonomy":"product_tag","embeddable":true,"href":"https:\/\/espacovcmais.com\/index.php\/wp-json\/wp\/v2\/product_tag?post=4068"}],"curies":[{"name":"wp","href":"https:\/\/api.w.org\/{rel}","templated":true}]}}