{"id":4062,"date":"2025-08-20T08:09:14","date_gmt":"2025-08-20T11:09:14","guid":{"rendered":"https:\/\/espacovcmais.com\/index.php\/product\/oleo-para-lixamento-master-20ml\/"},"modified":"2025-10-16T09:23:19","modified_gmt":"2025-10-16T12:23:19","slug":"oleo-para-lixamento-master-20ml","status":"publish","type":"product","link":"https:\/\/espacovcmais.com\/index.php\/product\/oleo-para-lixamento-master-20ml\/","title":{"rendered":"\u00d3leo para Lixamento Master 20ml"},"content":{"rendered":"<p>\u00d3leo para reduzir p\u00f3 e atrito durante o lixamento. Auxilia na remo\u00e7\u00e3o da cut\u00edcula.<\/p>\n","protected":false},"excerpt":{"rendered":"<p>\u00d3leo para acabamento de lixamento.<\/p>\n","protected":false},"featured_media":4678,"comment_status":"open","ping_status":"closed","template":"","meta":[],"product_brand":[],"product_cat":[135],"product_tag":[191,190,189],"class_list":{"0":"post-4062","1":"product","2":"type-product","3":"status-publish","4":"has-post-thumbnail","6":"product_cat-anylovy","7":"product_tag-acabamento","8":"product_tag-lixamento","9":"product_tag-oleo","11":"first","12":"instock","13":"taxable","14":"shipping-taxable","15":"purchasable","16":"product-type-simple"},"_links":{"self":[{"href":"https:\/\/espacovcmais.com\/index.php\/wp-json\/wp\/v2\/product\/4062","targetHints":{"allow":["GET"]}}],"collection":[{"href":"https:\/\/espacovcmais.com\/index.php\/wp-json\/wp\/v2\/product"}],"about":[{"href":"https:\/\/espacovcmais.com\/index.php\/wp-json\/wp\/v2\/types\/product"}],"replies":[{"embeddable":true,"href":"https:\/\/espacovcmais.com\/index.php\/wp-json\/wp\/v2\/comments?post=4062"}],"version-history":[{"count":0,"href":"https:\/\/espacovcmais.com\/index.php\/wp-json\/wp\/v2\/product\/4062\/revisions"}],"wp:featuredmedia":[{"embeddable":true,"href":"https:\/\/espacovcmais.com\/index.php\/wp-json\/wp\/v2\/media\/4678"}],"wp:attachment":[{"href":"https:\/\/espacovcmais.com\/index.php\/wp-json\/wp\/v2\/media?parent=4062"}],"wp:term":[{"taxonomy":"product_brand","embeddable":true,"href":"https:\/\/espacovcmais.com\/index.php\/wp-json\/wp\/v2\/product_brand?post=4062"},{"taxonomy":"product_cat","embeddable":true,"href":"https:\/\/espacovcmais.com\/index.php\/wp-json\/wp\/v2\/product_cat?post=4062"},{"taxonomy":"product_tag","embeddable":true,"href":"https:\/\/espacovcmais.com\/index.php\/wp-json\/wp\/v2\/product_tag?post=4062"}],"curies":[{"name":"wp","href":"https:\/\/api.w.org\/{rel}","templated":true}]}}