{"id":4058,"date":"2025-08-20T08:09:14","date_gmt":"2025-08-20T11:09:14","guid":{"rendered":"https:\/\/espacovcmais.com\/index.php\/product\/molde-f1-rosa-francesa-reversa-120-unidades\/"},"modified":"2025-10-16T09:23:12","modified_gmt":"2025-10-16T12:23:12","slug":"molde-f1-rosa-francesa-reversa-120-unidades","status":"publish","type":"product","link":"https:\/\/espacovcmais.com\/index.php\/product\/molde-f1-rosa-francesa-reversa-120-unidades\/","title":{"rendered":"Molde F1 Rosa Francesa Reversa 120 Unidades"},"content":{"rendered":"<p>Molde rosa F1 para t\u00e9cnica francesa reversa. Flex\u00edvel, resistente e reutiliz\u00e1vel.<\/p>\n","protected":false},"excerpt":{"rendered":"<p>Molde para francesinha reversa.<\/p>\n","protected":false},"featured_media":4682,"comment_status":"open","ping_status":"closed","template":"","meta":[],"product_brand":[],"product_cat":[135],"product_tag":[184,185,183],"class_list":{"0":"post-4058","1":"product","2":"type-product","3":"status-publish","4":"has-post-thumbnail","6":"product_cat-anylovy","7":"product_tag-f1","8":"product_tag-francesa-reversa","9":"product_tag-molde","11":"first","12":"instock","13":"taxable","14":"shipping-taxable","15":"purchasable","16":"product-type-simple"},"_links":{"self":[{"href":"https:\/\/espacovcmais.com\/index.php\/wp-json\/wp\/v2\/product\/4058","targetHints":{"allow":["GET"]}}],"collection":[{"href":"https:\/\/espacovcmais.com\/index.php\/wp-json\/wp\/v2\/product"}],"about":[{"href":"https:\/\/espacovcmais.com\/index.php\/wp-json\/wp\/v2\/types\/product"}],"replies":[{"embeddable":true,"href":"https:\/\/espacovcmais.com\/index.php\/wp-json\/wp\/v2\/comments?post=4058"}],"version-history":[{"count":0,"href":"https:\/\/espacovcmais.com\/index.php\/wp-json\/wp\/v2\/product\/4058\/revisions"}],"wp:featuredmedia":[{"embeddable":true,"href":"https:\/\/espacovcmais.com\/index.php\/wp-json\/wp\/v2\/media\/4682"}],"wp:attachment":[{"href":"https:\/\/espacovcmais.com\/index.php\/wp-json\/wp\/v2\/media?parent=4058"}],"wp:term":[{"taxonomy":"product_brand","embeddable":true,"href":"https:\/\/espacovcmais.com\/index.php\/wp-json\/wp\/v2\/product_brand?post=4058"},{"taxonomy":"product_cat","embeddable":true,"href":"https:\/\/espacovcmais.com\/index.php\/wp-json\/wp\/v2\/product_cat?post=4058"},{"taxonomy":"product_tag","embeddable":true,"href":"https:\/\/espacovcmais.com\/index.php\/wp-json\/wp\/v2\/product_tag?post=4058"}],"curies":[{"name":"wp","href":"https:\/\/api.w.org\/{rel}","templated":true}]}}