{"id":4053,"date":"2025-08-20T08:09:13","date_gmt":"2025-08-20T11:09:13","guid":{"rendered":"https:\/\/espacovcmais.com\/index.php\/product\/prep-120ml\/"},"modified":"2025-10-16T09:23:04","modified_gmt":"2025-10-16T12:23:04","slug":"prep-120ml","status":"publish","type":"product","link":"https:\/\/espacovcmais.com\/index.php\/product\/prep-120ml\/","title":{"rendered":"Prep 120ml"},"content":{"rendered":"<p>Agente bactericida para higieniza\u00e7\u00e3o de m\u00e3os, unhas<br \/>\nPrep 120ml,ANY-PREP-120ML,25.00,Agente bactericida para higieniza\u00e7\u00e3o de m\u00e3os<\/p>\n","protected":false},"excerpt":{"rendered":"<p>unhas e materiais. Remove \u00f3leos naturais e goma.<\/p>\n","protected":false},"featured_media":4687,"comment_status":"open","ping_status":"closed","template":"","meta":[],"product_brand":[],"product_cat":[135],"product_tag":[173,174,172],"class_list":{"0":"post-4053","1":"product","2":"type-product","3":"status-publish","4":"has-post-thumbnail","6":"product_cat-anylovy","7":"product_tag-higienizacao","8":"product_tag-limpeza","9":"product_tag-prep","11":"first","12":"instock","13":"taxable","14":"shipping-taxable","15":"purchasable","16":"product-type-simple"},"_links":{"self":[{"href":"https:\/\/espacovcmais.com\/index.php\/wp-json\/wp\/v2\/product\/4053","targetHints":{"allow":["GET"]}}],"collection":[{"href":"https:\/\/espacovcmais.com\/index.php\/wp-json\/wp\/v2\/product"}],"about":[{"href":"https:\/\/espacovcmais.com\/index.php\/wp-json\/wp\/v2\/types\/product"}],"replies":[{"embeddable":true,"href":"https:\/\/espacovcmais.com\/index.php\/wp-json\/wp\/v2\/comments?post=4053"}],"version-history":[{"count":0,"href":"https:\/\/espacovcmais.com\/index.php\/wp-json\/wp\/v2\/product\/4053\/revisions"}],"wp:featuredmedia":[{"embeddable":true,"href":"https:\/\/espacovcmais.com\/index.php\/wp-json\/wp\/v2\/media\/4687"}],"wp:attachment":[{"href":"https:\/\/espacovcmais.com\/index.php\/wp-json\/wp\/v2\/media?parent=4053"}],"wp:term":[{"taxonomy":"product_brand","embeddable":true,"href":"https:\/\/espacovcmais.com\/index.php\/wp-json\/wp\/v2\/product_brand?post=4053"},{"taxonomy":"product_cat","embeddable":true,"href":"https:\/\/espacovcmais.com\/index.php\/wp-json\/wp\/v2\/product_cat?post=4053"},{"taxonomy":"product_tag","embeddable":true,"href":"https:\/\/espacovcmais.com\/index.php\/wp-json\/wp\/v2\/product_tag?post=4053"}],"curies":[{"name":"wp","href":"https:\/\/api.w.org\/{rel}","templated":true}]}}