{"id":4051,"date":"2025-08-20T08:09:13","date_gmt":"2025-08-20T11:09:13","guid":{"rendered":"https:\/\/espacovcmais.com\/index.php\/product\/gel-base-clear-9g\/"},"modified":"2025-10-16T09:23:04","modified_gmt":"2025-10-16T12:23:04","slug":"gel-base-clear-9g","status":"publish","type":"product","link":"https:\/\/espacovcmais.com\/index.php\/product\/gel-base-clear-9g\/","title":{"rendered":"Gel Base Clear 9g"},"content":{"rendered":"<p>Base gel para maior ader\u00eancia e blindagem. Ideal para esmalta\u00e7\u00e3o em gel.<\/p>\n","protected":false},"excerpt":{"rendered":"<p>Base gel transparente.<\/p>\n","protected":false},"featured_media":4689,"comment_status":"open","ping_status":"closed","template":"","meta":[],"product_brand":[],"product_cat":[135],"product_tag":[169,137,149],"class_list":{"0":"post-4051","1":"product","2":"type-product","3":"status-publish","4":"has-post-thumbnail","6":"product_cat-anylovy","7":"product_tag-aderencia","8":"product_tag-clear","9":"product_tag-gel-base","11":"first","12":"instock","13":"taxable","14":"shipping-taxable","15":"purchasable","16":"product-type-simple"},"_links":{"self":[{"href":"https:\/\/espacovcmais.com\/index.php\/wp-json\/wp\/v2\/product\/4051","targetHints":{"allow":["GET"]}}],"collection":[{"href":"https:\/\/espacovcmais.com\/index.php\/wp-json\/wp\/v2\/product"}],"about":[{"href":"https:\/\/espacovcmais.com\/index.php\/wp-json\/wp\/v2\/types\/product"}],"replies":[{"embeddable":true,"href":"https:\/\/espacovcmais.com\/index.php\/wp-json\/wp\/v2\/comments?post=4051"}],"version-history":[{"count":0,"href":"https:\/\/espacovcmais.com\/index.php\/wp-json\/wp\/v2\/product\/4051\/revisions"}],"wp:featuredmedia":[{"embeddable":true,"href":"https:\/\/espacovcmais.com\/index.php\/wp-json\/wp\/v2\/media\/4689"}],"wp:attachment":[{"href":"https:\/\/espacovcmais.com\/index.php\/wp-json\/wp\/v2\/media?parent=4051"}],"wp:term":[{"taxonomy":"product_brand","embeddable":true,"href":"https:\/\/espacovcmais.com\/index.php\/wp-json\/wp\/v2\/product_brand?post=4051"},{"taxonomy":"product_cat","embeddable":true,"href":"https:\/\/espacovcmais.com\/index.php\/wp-json\/wp\/v2\/product_cat?post=4051"},{"taxonomy":"product_tag","embeddable":true,"href":"https:\/\/espacovcmais.com\/index.php\/wp-json\/wp\/v2\/product_tag?post=4051"}],"curies":[{"name":"wp","href":"https:\/\/api.w.org\/{rel}","templated":true}]}}