{"id":4042,"date":"2025-08-20T08:09:13","date_gmt":"2025-08-20T11:09:13","guid":{"rendered":"https:\/\/espacovcmais.com\/index.php\/product\/primer-acido-10ml\/"},"modified":"2025-10-16T09:26:03","modified_gmt":"2025-10-16T12:26:03","slug":"primer-acido-10ml","status":"publish","type":"product","link":"https:\/\/espacovcmais.com\/index.php\/product\/primer-acido-10ml\/","title":{"rendered":"Primer \u00c1cido 10ml"},"content":{"rendered":"<p>Primer \u00e1cido com a\u00e7\u00e3o profunda para maior ader\u00eancia e desidrata\u00e7\u00e3o intensa.<\/p>\n","protected":false},"excerpt":{"rendered":"<p>Primer \u00e1cido para unhas.<\/p>\n","protected":false},"featured_media":4698,"comment_status":"open","ping_status":"closed","template":"","meta":[],"product_brand":[],"product_cat":[135],"product_tag":[150,158,157],"class_list":{"0":"post-4042","1":"product","2":"type-product","3":"status-publish","4":"has-post-thumbnail","6":"product_cat-anylovy","7":"product_tag-adesao","8":"product_tag-desidratacao","9":"product_tag-primer-acido","11":"first","12":"instock","13":"taxable","14":"shipping-taxable","15":"purchasable","16":"product-type-simple"},"_links":{"self":[{"href":"https:\/\/espacovcmais.com\/index.php\/wp-json\/wp\/v2\/product\/4042","targetHints":{"allow":["GET"]}}],"collection":[{"href":"https:\/\/espacovcmais.com\/index.php\/wp-json\/wp\/v2\/product"}],"about":[{"href":"https:\/\/espacovcmais.com\/index.php\/wp-json\/wp\/v2\/types\/product"}],"replies":[{"embeddable":true,"href":"https:\/\/espacovcmais.com\/index.php\/wp-json\/wp\/v2\/comments?post=4042"}],"version-history":[{"count":0,"href":"https:\/\/espacovcmais.com\/index.php\/wp-json\/wp\/v2\/product\/4042\/revisions"}],"wp:featuredmedia":[{"embeddable":true,"href":"https:\/\/espacovcmais.com\/index.php\/wp-json\/wp\/v2\/media\/4698"}],"wp:attachment":[{"href":"https:\/\/espacovcmais.com\/index.php\/wp-json\/wp\/v2\/media?parent=4042"}],"wp:term":[{"taxonomy":"product_brand","embeddable":true,"href":"https:\/\/espacovcmais.com\/index.php\/wp-json\/wp\/v2\/product_brand?post=4042"},{"taxonomy":"product_cat","embeddable":true,"href":"https:\/\/espacovcmais.com\/index.php\/wp-json\/wp\/v2\/product_cat?post=4042"},{"taxonomy":"product_tag","embeddable":true,"href":"https:\/\/espacovcmais.com\/index.php\/wp-json\/wp\/v2\/product_tag?post=4042"}],"curies":[{"name":"wp","href":"https:\/\/api.w.org\/{rel}","templated":true}]}}