{"id":819,"date":"2019-11-27T09:48:23","date_gmt":"2019-11-27T09:48:23","guid":{"rendered":"https:\/\/yena.la-studioweb.com\/?page_id=10"},"modified":"2026-01-20T22:49:38","modified_gmt":"2026-01-21T01:49:38","slug":"my-account","status":"publish","type":"page","link":"https:\/\/espacovcmais.com\/index.php\/my-account\/","title":{"rendered":"Minha Conta"},"content":{"rendered":"\t\t<div data-elementor-type=\"wp-page\" data-elementor-id=\"819\" class=\"elementor elementor-819\" data-elementor-post-type=\"page\">\n\t\t\t\t<div class=\"elementor-element elementor-element-50a13f8 e-flex e-con-boxed wpr-particle-no wpr-jarallax-no wpr-parallax-no wpr-sticky-section-no elementor-invisible e-con e-parent\" data-id=\"50a13f8\" data-element_type=\"container\" data-settings=\"{&quot;background_background&quot;:&quot;classic&quot;,&quot;animation&quot;:&quot;fadeIn&quot;}\">\n\t\t\t\t\t<div class=\"e-con-inner\">\n\t\t\t\t\t<\/div>\n\t\t\t\t<\/div>\n\t\t<div class=\"elementor-element elementor-element-31e008ac stax-condition-yes stax-user_role_enabled-yes e-flex e-con-boxed wpr-particle-no wpr-jarallax-no wpr-parallax-no wpr-sticky-section-no e-con e-parent\" data-id=\"31e008ac\" data-element_type=\"container\">\n\t\t\t\t\t<div class=\"e-con-inner\">\n\t\t\t\t<div class=\"elementor-element elementor-element-44ac1e32 elementor-widget elementor-widget-wl-myaccount-login-form\" data-id=\"44ac1e32\" data-element_type=\"widget\" data-widget_type=\"wl-myaccount-login-form.default\">\n\t\t\t\t<div class=\"elementor-widget-container\">\n\t\t\t\t\t<div class=\"woocommerce-notices-wrapper\"><\/div>            <div class=\"woolentor-myaccount-form-login\">\r\n\r\n                <h2>Entrar<\/h2>\r\n            \r\n                <form class=\"woocommerce-form woocommerce-form-login login\" method=\"post\">\r\n            \r\n                                \r\n                    <p class=\"woocommerce-form-row woocommerce-form-row--wide form-row form-row-wide\">\r\n                        <label for=\"username\">Nome de Usu\u00e1rio ou Endere\u00e7o de Email&nbsp;<span class=\"required\">*<\/span><\/label>\r\n                        <input type=\"text\" class=\"woocommerce-Input woocommerce-Input--text input-text\" name=\"username\" id=\"username\" autocomplete=\"username\" value=\"\" \/>                    <\/p>\r\n                    <p class=\"woocommerce-form-row woocommerce-form-row--wide form-row form-row-wide\">\r\n                        <label for=\"password\">Senha&nbsp;<span class=\"required\">*<\/span><\/label>\r\n                        <input class=\"woocommerce-Input woocommerce-Input--text input-text\" type=\"password\" name=\"password\" id=\"password\" autocomplete=\"current-password\" \/>\r\n                    <\/p>\r\n            \r\n                                \r\n                    <p class=\"form-row\">\r\n                        <input type=\"hidden\" id=\"woocommerce-login-nonce\" name=\"woocommerce-login-nonce\" value=\"941e3b85ae\" \/><input type=\"hidden\" name=\"_wp_http_referer\" value=\"\/index.php\/wp-json\/wp\/v2\/pages\/819\" \/>                        <button type=\"submit\" class=\"woocommerce-Button button\" name=\"login\" value=\"Entrar\">Entrar<\/button>\r\n                        <label class=\"woocommerce-form__label woocommerce-form__label-for-checkbox inline\">\r\n                            <input class=\"woocommerce-form__input woocommerce-form__input-checkbox\" name=\"rememberme\" type=\"checkbox\" id=\"rememberme\" value=\"forever\" \/> <span>Lembrar-me<\/span>\r\n                        <\/label>\r\n                    <\/p>\r\n\r\n                    <p class=\"woocommerce-LostPassword lost_password\">\r\n                        <a href=\"https:\/\/espacovcmais.com\/index.php\/my-account\/lost-password\/\">Perdeu sua senha?<\/a>\r\n                    <\/p>\r\n            \r\n                                \r\n                <\/form>\r\n            <\/div>\r\n            \t\t\t\t<\/div>\n\t\t\t\t<\/div>\n\t\t\t\t<div class=\"elementor-element elementor-element-4821f561 elementor-widget elementor-widget-text-editor\" data-id=\"4821f561\" data-element_type=\"widget\" data-widget_type=\"text-editor.default\">\n\t\t\t\t<div class=\"elementor-widget-container\">\n\t\t\t\t\t\t\t\t\t<p><strong>ou<\/strong><\/p>\t\t\t\t\t\t\t\t<\/div>\n\t\t\t\t<\/div>\n\t\t\t\t<div class=\"elementor-element elementor-element-3006c2ee elementor-widget elementor-widget-wl-myaccount-register-form\" data-id=\"3006c2ee\" data-element_type=\"widget\" data-widget_type=\"wl-myaccount-register-form.default\">\n\t\t\t\t<div class=\"elementor-widget-container\">\n\t\t\t\t\t<div class=\"woocommerce-notices-wrapper\"><\/div>            <div class=\"woolentor-myaccount-form-register\">\r\n\r\n                <h2>Registrar<\/h2>\r\n\r\n                <form method=\"post\" class=\"woocommerce-form woocommerce-form-register register\"  >\r\n        \r\n                            \r\n                            \r\n                    <p class=\"woocommerce-form-row woocommerce-form-row--wide form-row form-row-wide\">\r\n                        <label for=\"reg_email\">Endere\u00e7o de e-mail&nbsp;<span class=\"required\">*<\/span><\/label>\r\n                        <input type=\"email\" class=\"woocommerce-Input woocommerce-Input--text input-text\" name=\"email\" id=\"reg_email\" autocomplete=\"email\" value=\"\" \/>                    <\/p>\r\n        \r\n                            \r\n                    <wc-order-attribution-inputs><\/wc-order-attribution-inputs><div class=\"woocommerce-privacy-policy-text\"><p>Seus dados pessoais ser\u00e3o usados \u200b\u200bpara apoiar sua experi\u00eancia neste site, para gerenciar o acesso \u00e0 sua conta e para outros fins descritos em nosso <a href=\"https:\/\/espacovcmais.com\/?page_id=815\" class=\"woocommerce-privacy-policy-link\" target=\"_blank\">pol\u00edtica de privacidade<\/a>.<\/p>\n<\/div>        \r\n                    <p class=\"woocommerce-FormRow form-row\">\r\n                        <input type=\"hidden\" id=\"woocommerce-register-nonce\" name=\"woocommerce-register-nonce\" value=\"08049f5075\" \/><input type=\"hidden\" name=\"_wp_http_referer\" value=\"\/index.php\/wp-json\/wp\/v2\/pages\/819\" \/>                        <button type=\"submit\" class=\"woocommerce-Button button\" name=\"register\" value=\"Registrar\">Registrar<\/button>\r\n                    <\/p>\r\n        \r\n                            \r\n                <\/form>\r\n            <\/div>\r\n            \t\t\t\t<\/div>\n\t\t\t\t<\/div>\n\t\t\t\t\t<\/div>\n\t\t\t\t<\/div>\n\t\t\t\t<\/div>\n\t\t","protected":false},"excerpt":{"rendered":"<p>Entrar Nome de Usu\u00e1rio ou Endere\u00e7o de Email&nbsp;* Senha&nbsp;* Entrar Lembrar-me Perdeu sua senha? ou Registrar Endere\u00e7o de e-mail&nbsp;* Seus dados pessoais ser\u00e3o usados \u200b\u200bpara apoiar sua experi\u00eancia neste site, para gerenciar o acesso \u00e0 sua conta e para outros fins descritos em nosso pol\u00edtica de privacidade. Registrar<\/p>\n","protected":false},"author":1,"featured_media":0,"parent":0,"menu_order":0,"comment_status":"closed","ping_status":"closed","template":"elementor_header_footer","meta":{"footnotes":""},"class_list":["post-819","page","type-page","status-publish","hentry"],"_links":{"self":[{"href":"https:\/\/espacovcmais.com\/index.php\/wp-json\/wp\/v2\/pages\/819","targetHints":{"allow":["GET"]}}],"collection":[{"href":"https:\/\/espacovcmais.com\/index.php\/wp-json\/wp\/v2\/pages"}],"about":[{"href":"https:\/\/espacovcmais.com\/index.php\/wp-json\/wp\/v2\/types\/page"}],"author":[{"embeddable":true,"href":"https:\/\/espacovcmais.com\/index.php\/wp-json\/wp\/v2\/users\/1"}],"replies":[{"embeddable":true,"href":"https:\/\/espacovcmais.com\/index.php\/wp-json\/wp\/v2\/comments?post=819"}],"version-history":[{"count":69,"href":"https:\/\/espacovcmais.com\/index.php\/wp-json\/wp\/v2\/pages\/819\/revisions"}],"predecessor-version":[{"id":4921,"href":"https:\/\/espacovcmais.com\/index.php\/wp-json\/wp\/v2\/pages\/819\/revisions\/4921"}],"wp:attachment":[{"href":"https:\/\/espacovcmais.com\/index.php\/wp-json\/wp\/v2\/media?parent=819"}],"curies":[{"name":"wp","href":"https:\/\/api.w.org\/{rel}","templated":true}]}}